{"id":17584,"date":"2025-11-11T14:51:19","date_gmt":"2025-11-11T14:51:19","guid":{"rendered":"https:\/\/limpos.com.ar\/?post_type=product&#038;p=17584"},"modified":"2025-11-11T16:53:33","modified_gmt":"2025-11-11T16:53:33","slug":"caritas-saphirus-aromatizante-para-autos-limon","status":"publish","type":"product","link":"https:\/\/limpos.com.ar\/en\/product\/caritas-saphirus-aromatizante-para-autos-limon\/","title":{"rendered":"CARITAS SAPHIRUS | AROMATIZANTE PARA AUTOS LIMA LIM\u00d3N"},"content":{"rendered":"<p>Mezcla de c\u00edtricos, donde se identifica lim\u00f3n y pomelo. Con un coraz\u00f3n atractivo de acordes florales con notas verdes y destellos especiados.<\/p>\n<p>Presentaci\u00f3n:\t2 unidades<\/p>","protected":false},"excerpt":{"rendered":"<p>AROMATIZANTE PARA AUTO, 2 UNIDADES POR 5,6 GRS<\/p>","protected":false},"featured_media":17602,"template":"","meta":[],"product_brand":[],"product_cat":[3978],"product_tag":[4038],"class_list":{"0":"post-17584","1":"product","2":"type-product","3":"status-publish","4":"has-post-thumbnail","6":"product_cat-vehiculos","7":"product_tag-saphirus","9":"first","10":"instock","11":"purchasable","12":"product-type-simple"},"_links":{"self":[{"href":"https:\/\/limpos.com.ar\/en\/wp-json\/wp\/v2\/product\/17584","targetHints":{"allow":["GET"]}}],"collection":[{"href":"https:\/\/limpos.com.ar\/en\/wp-json\/wp\/v2\/product"}],"about":[{"href":"https:\/\/limpos.com.ar\/en\/wp-json\/wp\/v2\/types\/product"}],"wp:featuredmedia":[{"embeddable":true,"href":"https:\/\/limpos.com.ar\/en\/wp-json\/wp\/v2\/media\/17602"}],"wp:attachment":[{"href":"https:\/\/limpos.com.ar\/en\/wp-json\/wp\/v2\/media?parent=17584"}],"wp:term":[{"taxonomy":"product_brand","embeddable":true,"href":"https:\/\/limpos.com.ar\/en\/wp-json\/wp\/v2\/product_brand?post=17584"},{"taxonomy":"product_cat","embeddable":true,"href":"https:\/\/limpos.com.ar\/en\/wp-json\/wp\/v2\/product_cat?post=17584"},{"taxonomy":"product_tag","embeddable":true,"href":"https:\/\/limpos.com.ar\/en\/wp-json\/wp\/v2\/product_tag?post=17584"}],"curies":[{"name":"wp","href":"https:\/\/api.w.org\/{rel}","templated":true}]}}