{"id":17464,"date":"2025-11-06T18:00:15","date_gmt":"2025-11-06T18:00:15","guid":{"rendered":"https:\/\/limpos.com.ar\/?post_type=product&#038;p=17464"},"modified":"2025-11-06T18:03:13","modified_gmt":"2025-11-06T18:03:13","slug":"route-66-saphirus-aromatizante-para-autos-naranja","status":"publish","type":"product","link":"https:\/\/limpos.com.ar\/en\/product\/route-66-saphirus-aromatizante-para-autos-naranja\/","title":{"rendered":"ROUTE 66 SAPHIRUS | AROMATIZANTE PARA AUTOS POLO"},"content":{"rendered":"<p>Perfume de salida herbal, un coraz\u00f3n que deja una agradable impresi\u00f3n de cuero y tabaco, mientras una mezcla de vetiver, musgo de roble y patchouly le dan car\u00e1cter.<\/p>\n<p>Contenido Neto:\t7 g<br \/>\nPresentaci\u00f3n:\t2 unidades<\/p>","protected":false},"excerpt":{"rendered":"<p>AROMATIZANTE PARA AUTO, 2 UNIDADES POR 7 GRS<\/p>","protected":false},"featured_media":17466,"template":"","meta":[],"product_brand":[],"product_cat":[3978],"product_tag":[4038],"class_list":{"0":"post-17464","1":"product","2":"type-product","3":"status-publish","4":"has-post-thumbnail","6":"product_cat-vehiculos","7":"product_tag-saphirus","9":"first","10":"instock","11":"purchasable","12":"product-type-simple"},"_links":{"self":[{"href":"https:\/\/limpos.com.ar\/en\/wp-json\/wp\/v2\/product\/17464","targetHints":{"allow":["GET"]}}],"collection":[{"href":"https:\/\/limpos.com.ar\/en\/wp-json\/wp\/v2\/product"}],"about":[{"href":"https:\/\/limpos.com.ar\/en\/wp-json\/wp\/v2\/types\/product"}],"wp:featuredmedia":[{"embeddable":true,"href":"https:\/\/limpos.com.ar\/en\/wp-json\/wp\/v2\/media\/17466"}],"wp:attachment":[{"href":"https:\/\/limpos.com.ar\/en\/wp-json\/wp\/v2\/media?parent=17464"}],"wp:term":[{"taxonomy":"product_brand","embeddable":true,"href":"https:\/\/limpos.com.ar\/en\/wp-json\/wp\/v2\/product_brand?post=17464"},{"taxonomy":"product_cat","embeddable":true,"href":"https:\/\/limpos.com.ar\/en\/wp-json\/wp\/v2\/product_cat?post=17464"},{"taxonomy":"product_tag","embeddable":true,"href":"https:\/\/limpos.com.ar\/en\/wp-json\/wp\/v2\/product_tag?post=17464"}],"curies":[{"name":"wp","href":"https:\/\/api.w.org\/{rel}","templated":true}]}}