{"id":17462,"date":"2025-11-06T17:56:18","date_gmt":"2025-11-06T17:56:18","guid":{"rendered":"https:\/\/limpos.com.ar\/?post_type=product&#038;p=17462"},"modified":"2025-11-06T17:59:36","modified_gmt":"2025-11-06T17:59:36","slug":"route-66-saphirus-aromatizante-para-autos-marino","status":"publish","type":"product","link":"https:\/\/limpos.com.ar\/en\/product\/route-66-saphirus-aromatizante-para-autos-marino\/","title":{"rendered":"ROUTE 66 SAPHIRUS | AROMATIZANTE PARA AUTOS MARINO"},"content":{"rendered":"<p>Fresca combinaci\u00f3n de notas c\u00edtricas herbales y marinas donde se destaca la frescura de las flores de azahar, las hierbas reci\u00e9n cortadas y la frescura de las olas del mar.<\/p>\n<p>Contenido Neto:\t7 g<br \/>\nPresentaci\u00f3n:\t2 unidades<\/p>","protected":false},"excerpt":{"rendered":"<p>AROMATIZANTE PARA AUTO, 2 UNIDADES POR 7 GRS<\/p>","protected":false},"featured_media":17463,"template":"","meta":[],"product_brand":[],"product_cat":[3978],"product_tag":[4038],"class_list":{"0":"post-17462","1":"product","2":"type-product","3":"status-publish","4":"has-post-thumbnail","6":"product_cat-vehiculos","7":"product_tag-saphirus","9":"first","10":"instock","11":"purchasable","12":"product-type-simple"},"_links":{"self":[{"href":"https:\/\/limpos.com.ar\/en\/wp-json\/wp\/v2\/product\/17462","targetHints":{"allow":["GET"]}}],"collection":[{"href":"https:\/\/limpos.com.ar\/en\/wp-json\/wp\/v2\/product"}],"about":[{"href":"https:\/\/limpos.com.ar\/en\/wp-json\/wp\/v2\/types\/product"}],"wp:featuredmedia":[{"embeddable":true,"href":"https:\/\/limpos.com.ar\/en\/wp-json\/wp\/v2\/media\/17463"}],"wp:attachment":[{"href":"https:\/\/limpos.com.ar\/en\/wp-json\/wp\/v2\/media?parent=17462"}],"wp:term":[{"taxonomy":"product_brand","embeddable":true,"href":"https:\/\/limpos.com.ar\/en\/wp-json\/wp\/v2\/product_brand?post=17462"},{"taxonomy":"product_cat","embeddable":true,"href":"https:\/\/limpos.com.ar\/en\/wp-json\/wp\/v2\/product_cat?post=17462"},{"taxonomy":"product_tag","embeddable":true,"href":"https:\/\/limpos.com.ar\/en\/wp-json\/wp\/v2\/product_tag?post=17462"}],"curies":[{"name":"wp","href":"https:\/\/api.w.org\/{rel}","templated":true}]}}