{"id":17111,"date":"2025-10-08T14:21:25","date_gmt":"2025-10-08T14:21:25","guid":{"rendered":"https:\/\/limpos.com.ar\/?post_type=product&#038;p=17111"},"modified":"2025-10-14T15:53:59","modified_gmt":"2025-10-14T15:53:59","slug":"lavandina-ayudin-en-gel-en-botella-de-700-ml-citrica","status":"publish","type":"product","link":"https:\/\/limpos.com.ar\/en\/product\/lavandina-ayudin-en-gel-en-botella-de-700-ml-citrica\/","title":{"rendered":"LAVANDINA AYUD\u00cdN | EN GEL EN BOTELLA DE 700 ML C\u00cdTRICA"},"content":{"rendered":"<p>EN GEL EN BOTELLA DE 700 ML &#8211; FRAGANCIA C\u00cdTRICA<\/p>","protected":false},"excerpt":{"rendered":"<p>EN GEL EN BOTELLA DE 700 ML<\/p>","protected":false},"featured_media":17112,"template":"","meta":[],"product_brand":[],"product_cat":[4167,3957,3966,3954],"product_tag":[4018],"class_list":{"0":"post-17111","1":"product","2":"type-product","3":"status-publish","4":"has-post-thumbnail","6":"product_cat-lavandina","7":"product_cat-bano","8":"product_cat-cocina","9":"product_cat-hogar","10":"product_tag-ayudin","12":"first","13":"instock","14":"purchasable","15":"product-type-simple"},"_links":{"self":[{"href":"https:\/\/limpos.com.ar\/en\/wp-json\/wp\/v2\/product\/17111","targetHints":{"allow":["GET"]}}],"collection":[{"href":"https:\/\/limpos.com.ar\/en\/wp-json\/wp\/v2\/product"}],"about":[{"href":"https:\/\/limpos.com.ar\/en\/wp-json\/wp\/v2\/types\/product"}],"wp:featuredmedia":[{"embeddable":true,"href":"https:\/\/limpos.com.ar\/en\/wp-json\/wp\/v2\/media\/17112"}],"wp:attachment":[{"href":"https:\/\/limpos.com.ar\/en\/wp-json\/wp\/v2\/media?parent=17111"}],"wp:term":[{"taxonomy":"product_brand","embeddable":true,"href":"https:\/\/limpos.com.ar\/en\/wp-json\/wp\/v2\/product_brand?post=17111"},{"taxonomy":"product_cat","embeddable":true,"href":"https:\/\/limpos.com.ar\/en\/wp-json\/wp\/v2\/product_cat?post=17111"},{"taxonomy":"product_tag","embeddable":true,"href":"https:\/\/limpos.com.ar\/en\/wp-json\/wp\/v2\/product_tag?post=17111"}],"curies":[{"name":"wp","href":"https:\/\/api.w.org\/{rel}","templated":true}]}}