{"id":17035,"date":"2025-09-16T13:57:03","date_gmt":"2025-09-16T13:57:03","guid":{"rendered":"https:\/\/limpos.com.ar\/tienda\/?post_type=product&#038;p=17035"},"modified":"2025-10-21T17:19:11","modified_gmt":"2025-10-21T17:19:11","slug":"acondicionador-sedal-por-340-ml-restauracion-instantanea","status":"publish","type":"product","link":"https:\/\/limpos.com.ar\/en\/product\/acondicionador-sedal-por-340-ml-restauracion-instantanea\/","title":{"rendered":"ACONDICIONADOR SEDAL | POR 340 ML  &#8211; RESTAURACI\u00d3N INSTANT\u00c1NEA"},"content":{"rendered":"<p>El Acondicionador Sedal Restauraci\u00f3n Instant\u00e1nea est\u00e1 dise\u00f1ado para que tu cabello luzca siempre vivo, suave, intacto y radiante. Su nueva f\u00f3rmula incorpora 3% PEPTIDE-REPAIR COMPLEX, que combina P\u00e9ptidos, Vitamina C y \u00d3leo de almendra, repara el cabello da\u00f1ado y devuelve su vitalidad. Esta fusi\u00f3n ayuda a reparar el da\u00f1o visible, dejando el cabello restaurado, m\u00e1s fuerte y lleno de vida.<\/p>\n<p>\u00a1Repara tu cabello desde el primer uso con Sedal Restauraci\u00f3n Instant\u00e1nea! Nuestra f\u00f3rmula exclusiva, enriquecida con \u00f3leo de almendra, vitamina C y P\u00e9ptidos, trabaja para reparar el cabello da\u00f1ado y devolverle su vitalidad.   <\/p>","protected":false},"excerpt":{"rendered":"<p>POR 340 ML  &#8211; TODAS LAS VARIEDADES<\/p>","protected":false},"featured_media":17036,"template":"","meta":[],"product_brand":[],"product_cat":[4215,4259],"product_tag":[4260],"class_list":{"0":"post-17035","1":"product","2":"type-product","3":"status-publish","4":"has-post-thumbnail","6":"product_cat-perfumeria","7":"product_cat-shampoo-y-acondicionador","8":"product_tag-sedal","10":"first","11":"instock","12":"purchasable","13":"product-type-simple"},"_links":{"self":[{"href":"https:\/\/limpos.com.ar\/en\/wp-json\/wp\/v2\/product\/17035","targetHints":{"allow":["GET"]}}],"collection":[{"href":"https:\/\/limpos.com.ar\/en\/wp-json\/wp\/v2\/product"}],"about":[{"href":"https:\/\/limpos.com.ar\/en\/wp-json\/wp\/v2\/types\/product"}],"wp:featuredmedia":[{"embeddable":true,"href":"https:\/\/limpos.com.ar\/en\/wp-json\/wp\/v2\/media\/17036"}],"wp:attachment":[{"href":"https:\/\/limpos.com.ar\/en\/wp-json\/wp\/v2\/media?parent=17035"}],"wp:term":[{"taxonomy":"product_brand","embeddable":true,"href":"https:\/\/limpos.com.ar\/en\/wp-json\/wp\/v2\/product_brand?post=17035"},{"taxonomy":"product_cat","embeddable":true,"href":"https:\/\/limpos.com.ar\/en\/wp-json\/wp\/v2\/product_cat?post=17035"},{"taxonomy":"product_tag","embeddable":true,"href":"https:\/\/limpos.com.ar\/en\/wp-json\/wp\/v2\/product_tag?post=17035"}],"curies":[{"name":"wp","href":"https:\/\/api.w.org\/{rel}","templated":true}]}}