{"id":16945,"date":"2025-09-15T16:09:16","date_gmt":"2025-09-15T16:09:16","guid":{"rendered":"https:\/\/limpos.com.ar\/tienda\/?post_type=product&#038;p=16945"},"modified":"2025-10-13T16:40:17","modified_gmt":"2025-10-13T16:40:17","slug":"desodorante-axe-en-aerosol-por-150-ml-peach-fusion","status":"publish","type":"product","link":"https:\/\/limpos.com.ar\/en\/product\/desodorante-axe-en-aerosol-por-150-ml-peach-fusion\/","title":{"rendered":"DESODORANTE AXE | EN AEROSOL POR 150 ML &#8211; PEACH INFUSI\u00d3N"},"content":{"rendered":"<p>El desodorante aerosol AXE Peach Infusion es perfecto para aquellos hombres que buscan destacar con una fragancia de lujo y frescura m\u00e1s duradera. Su f\u00f3rmula avanzada combina lo mejor de la tecnolog\u00eda y el lujo, ofreciendo una experiencia \u00fanica. Elaborado con un 60% m\u00e1s de fragancia que los desodorantes AXE regulares, su aroma adictivo mezcla notas de rosquilla de melocot\u00f3n, pachul\u00ed, \u00e1mbar, lavanda, menta, creando un equilibrio perfecto entre frescura vibrante y sensualidad convirti\u00e9ndolo en un delicioso aroma adictivo. La f\u00f3rmula de AXE Peach Infusion es innovadora: contiene 0% sales de aluminio, respeta la capa de ozono y est\u00e1 enriquecida con 28 aceites esenciales naturales, lo que garantiza un cuidado superior para tu piel. Experiment\u00e1 el poder de un perfume para hombres en cada aplicaci\u00f3n.<\/p>","protected":false},"excerpt":{"rendered":"<p>EN AEROSOL POR 150 ML &#8211; TODAS LAS FRAGANCIAS<\/p>","protected":false},"featured_media":16946,"template":"","meta":[],"product_brand":[],"product_cat":[4231,4230,4215],"product_tag":[4232],"class_list":{"0":"post-16945","1":"product","2":"type-product","3":"status-publish","4":"has-post-thumbnail","6":"product_cat-aerosol","7":"product_cat-desodorantes-cuidado-personal","8":"product_cat-perfumeria","9":"product_tag-axe","11":"first","12":"instock","13":"purchasable","14":"product-type-simple"},"_links":{"self":[{"href":"https:\/\/limpos.com.ar\/en\/wp-json\/wp\/v2\/product\/16945","targetHints":{"allow":["GET"]}}],"collection":[{"href":"https:\/\/limpos.com.ar\/en\/wp-json\/wp\/v2\/product"}],"about":[{"href":"https:\/\/limpos.com.ar\/en\/wp-json\/wp\/v2\/types\/product"}],"wp:featuredmedia":[{"embeddable":true,"href":"https:\/\/limpos.com.ar\/en\/wp-json\/wp\/v2\/media\/16946"}],"wp:attachment":[{"href":"https:\/\/limpos.com.ar\/en\/wp-json\/wp\/v2\/media?parent=16945"}],"wp:term":[{"taxonomy":"product_brand","embeddable":true,"href":"https:\/\/limpos.com.ar\/en\/wp-json\/wp\/v2\/product_brand?post=16945"},{"taxonomy":"product_cat","embeddable":true,"href":"https:\/\/limpos.com.ar\/en\/wp-json\/wp\/v2\/product_cat?post=16945"},{"taxonomy":"product_tag","embeddable":true,"href":"https:\/\/limpos.com.ar\/en\/wp-json\/wp\/v2\/product_tag?post=16945"}],"curies":[{"name":"wp","href":"https:\/\/api.w.org\/{rel}","templated":true}]}}