{"id":16541,"date":"2025-09-08T13:12:12","date_gmt":"2025-09-08T13:12:12","guid":{"rendered":"https:\/\/limpos.com.ar\/tienda\/?post_type=product&#038;p=16541"},"modified":"2025-10-27T18:33:07","modified_gmt":"2025-10-27T18:33:07","slug":"perfume-poett-aromatizante-para-ropa-repuesto-por-450-ml-suavidad-de-algodon","status":"publish","type":"product","link":"https:\/\/limpos.com.ar\/en\/product\/perfume-poett-aromatizante-para-ropa-repuesto-por-450-ml-suavidad-de-algodon\/","title":{"rendered":"PERFUME POETT | AROMATIZANTE PARA ROPA REPUESTO POR 450 ML &#8211; SUAVIDAD DE ALGOD\u00d3N"},"content":{"rendered":"<p>El cuerpo est\u00e1 constituido por una mezcla de flores frescas en conjunto con una arom\u00e1tica lavanda que le da estructura a la fragancia otorgando una sensaci\u00f3n de limpieza.<\/p>","protected":false},"excerpt":{"rendered":"<p>AROMATIZANTE PARA ROPA REPUESTO POR 450 ML<\/p>","protected":false},"featured_media":16542,"template":"","meta":[],"product_brand":[],"product_cat":[4057,4105,3976],"product_tag":[4042],"class_list":{"0":"post-16541","1":"product","2":"type-product","3":"status-publish","4":"has-post-thumbnail","6":"product_cat-cuidado-de-ropa","7":"product_cat-perfume","8":"product_cat-varios","9":"product_tag-poett","11":"first","12":"instock","13":"purchasable","14":"product-type-simple"},"_links":{"self":[{"href":"https:\/\/limpos.com.ar\/en\/wp-json\/wp\/v2\/product\/16541","targetHints":{"allow":["GET"]}}],"collection":[{"href":"https:\/\/limpos.com.ar\/en\/wp-json\/wp\/v2\/product"}],"about":[{"href":"https:\/\/limpos.com.ar\/en\/wp-json\/wp\/v2\/types\/product"}],"wp:featuredmedia":[{"embeddable":true,"href":"https:\/\/limpos.com.ar\/en\/wp-json\/wp\/v2\/media\/16542"}],"wp:attachment":[{"href":"https:\/\/limpos.com.ar\/en\/wp-json\/wp\/v2\/media?parent=16541"}],"wp:term":[{"taxonomy":"product_brand","embeddable":true,"href":"https:\/\/limpos.com.ar\/en\/wp-json\/wp\/v2\/product_brand?post=16541"},{"taxonomy":"product_cat","embeddable":true,"href":"https:\/\/limpos.com.ar\/en\/wp-json\/wp\/v2\/product_cat?post=16541"},{"taxonomy":"product_tag","embeddable":true,"href":"https:\/\/limpos.com.ar\/en\/wp-json\/wp\/v2\/product_tag?post=16541"}],"curies":[{"name":"wp","href":"https:\/\/api.w.org\/{rel}","templated":true}]}}