{"id":16423,"date":"2025-09-03T20:08:19","date_gmt":"2025-09-03T20:08:19","guid":{"rendered":"https:\/\/limpos.com.ar\/tienda\/?post_type=product&#038;p=16423"},"modified":"2025-10-27T18:53:27","modified_gmt":"2025-10-27T18:53:27","slug":"desodorante-poett-limpiador-para-pisos-en-botella-por-1800-ml-despertar-de-energia","status":"publish","type":"product","link":"https:\/\/limpos.com.ar\/en\/product\/desodorante-poett-limpiador-para-pisos-en-botella-por-1800-ml-despertar-de-energia\/","title":{"rendered":"DESODORANTE POETT | LIMPIADOR PARA PISOS EN BOTELLA POR 1800 ML &#8211; DESPERTAR DE ENERG\u00cdA"},"content":{"rendered":"<p>Una fragancia alegre, elegante y sofisticada con una personalidad \u00fanica y una sensaci\u00f3n de primavera en todo el a\u00f1o.<\/p>","protected":false},"excerpt":{"rendered":"<p>LIMPIADOR PARA PISOS EN BOTELLA POR 1800 ML &#8211; TODAS LAS FRAGANCIAS<\/p>","protected":false},"featured_media":16424,"template":"","meta":[],"product_brand":[],"product_cat":[4195,3954,3955],"product_tag":[4042],"class_list":{"0":"post-16423","1":"product","2":"type-product","3":"status-publish","4":"has-post-thumbnail","6":"product_cat-desodorante","7":"product_cat-hogar","8":"product_cat-pisos","9":"product_tag-poett","11":"first","12":"instock","13":"purchasable","14":"product-type-simple"},"_links":{"self":[{"href":"https:\/\/limpos.com.ar\/en\/wp-json\/wp\/v2\/product\/16423","targetHints":{"allow":["GET"]}}],"collection":[{"href":"https:\/\/limpos.com.ar\/en\/wp-json\/wp\/v2\/product"}],"about":[{"href":"https:\/\/limpos.com.ar\/en\/wp-json\/wp\/v2\/types\/product"}],"wp:featuredmedia":[{"embeddable":true,"href":"https:\/\/limpos.com.ar\/en\/wp-json\/wp\/v2\/media\/16424"}],"wp:attachment":[{"href":"https:\/\/limpos.com.ar\/en\/wp-json\/wp\/v2\/media?parent=16423"}],"wp:term":[{"taxonomy":"product_brand","embeddable":true,"href":"https:\/\/limpos.com.ar\/en\/wp-json\/wp\/v2\/product_brand?post=16423"},{"taxonomy":"product_cat","embeddable":true,"href":"https:\/\/limpos.com.ar\/en\/wp-json\/wp\/v2\/product_cat?post=16423"},{"taxonomy":"product_tag","embeddable":true,"href":"https:\/\/limpos.com.ar\/en\/wp-json\/wp\/v2\/product_tag?post=16423"}],"curies":[{"name":"wp","href":"https:\/\/api.w.org\/{rel}","templated":true}]}}