{"id":16419,"date":"2025-09-03T19:59:39","date_gmt":"2025-09-03T19:59:39","guid":{"rendered":"https:\/\/limpos.com.ar\/tienda\/?post_type=product&#038;p=16419"},"modified":"2025-10-27T18:53:28","modified_gmt":"2025-10-27T18:53:28","slug":"desodorante-poett-limpiador-para-pisos-en-botella-por-1800-ml-suavidad-de-bebe","status":"publish","type":"product","link":"https:\/\/limpos.com.ar\/en\/product\/desodorante-poett-limpiador-para-pisos-en-botella-por-1800-ml-suavidad-de-bebe\/","title":{"rendered":"DESODORANTE POETT | LIMPIADOR PARA PISOS EN BOTELLA POR 1800 ML &#8211; SUAVIDAD DE BEB\u00c9"},"content":{"rendered":"<p>Notas frescas, c\u00edtricas y aldeh\u00eddicas que transmiten una sensaci\u00f3n de limpieza balanceando un delicado coraz\u00f3n floral con suaves notas almizcladas que nos transportan a un entorno de confort y cuidado.<\/p>","protected":false},"excerpt":{"rendered":"<p>LIMPIADOR PARA PISOS EN BOTELLA POR 1800 ML &#8211; TODAS LAS FRAGANCIAS<\/p>","protected":false},"featured_media":16420,"template":"","meta":[],"product_brand":[],"product_cat":[4195,3954,3955],"product_tag":[4042],"class_list":{"0":"post-16419","1":"product","2":"type-product","3":"status-publish","4":"has-post-thumbnail","6":"product_cat-desodorante","7":"product_cat-hogar","8":"product_cat-pisos","9":"product_tag-poett","11":"first","12":"instock","13":"purchasable","14":"product-type-simple"},"_links":{"self":[{"href":"https:\/\/limpos.com.ar\/en\/wp-json\/wp\/v2\/product\/16419","targetHints":{"allow":["GET"]}}],"collection":[{"href":"https:\/\/limpos.com.ar\/en\/wp-json\/wp\/v2\/product"}],"about":[{"href":"https:\/\/limpos.com.ar\/en\/wp-json\/wp\/v2\/types\/product"}],"wp:featuredmedia":[{"embeddable":true,"href":"https:\/\/limpos.com.ar\/en\/wp-json\/wp\/v2\/media\/16420"}],"wp:attachment":[{"href":"https:\/\/limpos.com.ar\/en\/wp-json\/wp\/v2\/media?parent=16419"}],"wp:term":[{"taxonomy":"product_brand","embeddable":true,"href":"https:\/\/limpos.com.ar\/en\/wp-json\/wp\/v2\/product_brand?post=16419"},{"taxonomy":"product_cat","embeddable":true,"href":"https:\/\/limpos.com.ar\/en\/wp-json\/wp\/v2\/product_cat?post=16419"},{"taxonomy":"product_tag","embeddable":true,"href":"https:\/\/limpos.com.ar\/en\/wp-json\/wp\/v2\/product_tag?post=16419"}],"curies":[{"name":"wp","href":"https:\/\/api.w.org\/{rel}","templated":true}]}}