{"id":16410,"date":"2025-09-03T17:58:50","date_gmt":"2025-09-03T17:58:50","guid":{"rendered":"https:\/\/limpos.com.ar\/tienda\/?post_type=product&#038;p=16410"},"modified":"2025-10-27T18:53:28","modified_gmt":"2025-10-27T18:53:28","slug":"desodorante-poett-limpiador-para-pisos-en-botella-por-1800-ml-suavidad-de-algodon","status":"publish","type":"product","link":"https:\/\/limpos.com.ar\/en\/product\/desodorante-poett-limpiador-para-pisos-en-botella-por-1800-ml-suavidad-de-algodon\/","title":{"rendered":"DESODORANTE POETT | LIMPIADOR PARA PISOS EN BOTELLA POR 1800 ML &#8211; SUAVIDAD DE ALGOD\u00d3N"},"content":{"rendered":"<p>La fragancia comienza su salida con un acorde de aldeh\u00eddico y c\u00edtricos que brinda la percepci\u00f3n de frescura y aire libre. <\/p>","protected":false},"excerpt":{"rendered":"<p>LIMPIADOR PARA PISOS EN BOTELLA POR 1800 ML &#8211; TODAS LAS FRAGANCIAS<\/p>","protected":false},"featured_media":16412,"template":"","meta":[],"product_brand":[],"product_cat":[4195,3954,3955],"product_tag":[4042],"class_list":{"0":"post-16410","1":"product","2":"type-product","3":"status-publish","4":"has-post-thumbnail","6":"product_cat-desodorante","7":"product_cat-hogar","8":"product_cat-pisos","9":"product_tag-poett","11":"first","12":"instock","13":"purchasable","14":"product-type-simple"},"_links":{"self":[{"href":"https:\/\/limpos.com.ar\/en\/wp-json\/wp\/v2\/product\/16410","targetHints":{"allow":["GET"]}}],"collection":[{"href":"https:\/\/limpos.com.ar\/en\/wp-json\/wp\/v2\/product"}],"about":[{"href":"https:\/\/limpos.com.ar\/en\/wp-json\/wp\/v2\/types\/product"}],"wp:featuredmedia":[{"embeddable":true,"href":"https:\/\/limpos.com.ar\/en\/wp-json\/wp\/v2\/media\/16412"}],"wp:attachment":[{"href":"https:\/\/limpos.com.ar\/en\/wp-json\/wp\/v2\/media?parent=16410"}],"wp:term":[{"taxonomy":"product_brand","embeddable":true,"href":"https:\/\/limpos.com.ar\/en\/wp-json\/wp\/v2\/product_brand?post=16410"},{"taxonomy":"product_cat","embeddable":true,"href":"https:\/\/limpos.com.ar\/en\/wp-json\/wp\/v2\/product_cat?post=16410"},{"taxonomy":"product_tag","embeddable":true,"href":"https:\/\/limpos.com.ar\/en\/wp-json\/wp\/v2\/product_tag?post=16410"}],"curies":[{"name":"wp","href":"https:\/\/api.w.org\/{rel}","templated":true}]}}