{"id":16369,"date":"2025-09-03T16:43:33","date_gmt":"2025-09-03T16:43:33","guid":{"rendered":"https:\/\/limpos.com.ar\/tienda\/?post_type=product&#038;p=16369"},"modified":"2025-10-27T15:10:18","modified_gmt":"2025-10-27T15:10:18","slug":"canasta-poett-para-inodoro-solida-completo-full-por-275-g-lavanda","status":"publish","type":"product","link":"https:\/\/limpos.com.ar\/en\/product\/canasta-poett-para-inodoro-solida-completo-full-por-275-g-lavanda\/","title":{"rendered":"CANASTA POETT | PARA INODORO S\u00d3LIDA COMPLETO FULL POR 27,5 G LAVANDA"},"content":{"rendered":"<p>Una lavanda arom\u00e1tica y herbal con frescas notas verdes y frutales que es protagonista por su caracter arom\u00e1tico intensificado con la presencia de eucaliptus, la fuerza del alcanfor, anis y la frescura de la menta, acompa\u00f1ado por notas amaderadas y almizcladas que le dan profundidad y caracter.<\/p>","protected":false},"excerpt":{"rendered":"<p>PARA INODORO S\u00d3LIDA COMPLETO FULL POR 27,5 G<\/p>","protected":false},"featured_media":16370,"template":"","meta":[],"product_brand":[],"product_cat":[4174,3963,3957,3976],"product_tag":[4042],"class_list":{"0":"post-16369","1":"product","2":"type-product","3":"status-publish","4":"has-post-thumbnail","6":"product_cat-limpiador-bano","7":"product_cat-limpiadores-de-inodoro","8":"product_cat-bano","9":"product_cat-varios","10":"product_tag-poett","12":"first","13":"instock","14":"purchasable","15":"product-type-simple"},"_links":{"self":[{"href":"https:\/\/limpos.com.ar\/en\/wp-json\/wp\/v2\/product\/16369","targetHints":{"allow":["GET"]}}],"collection":[{"href":"https:\/\/limpos.com.ar\/en\/wp-json\/wp\/v2\/product"}],"about":[{"href":"https:\/\/limpos.com.ar\/en\/wp-json\/wp\/v2\/types\/product"}],"wp:featuredmedia":[{"embeddable":true,"href":"https:\/\/limpos.com.ar\/en\/wp-json\/wp\/v2\/media\/16370"}],"wp:attachment":[{"href":"https:\/\/limpos.com.ar\/en\/wp-json\/wp\/v2\/media?parent=16369"}],"wp:term":[{"taxonomy":"product_brand","embeddable":true,"href":"https:\/\/limpos.com.ar\/en\/wp-json\/wp\/v2\/product_brand?post=16369"},{"taxonomy":"product_cat","embeddable":true,"href":"https:\/\/limpos.com.ar\/en\/wp-json\/wp\/v2\/product_cat?post=16369"},{"taxonomy":"product_tag","embeddable":true,"href":"https:\/\/limpos.com.ar\/en\/wp-json\/wp\/v2\/product_tag?post=16369"}],"curies":[{"name":"wp","href":"https:\/\/api.w.org\/{rel}","templated":true}]}}