{"id":16348,"date":"2025-09-03T16:02:28","date_gmt":"2025-09-03T16:02:28","guid":{"rendered":"https:\/\/limpos.com.ar\/tienda\/?post_type=product&#038;p=16348"},"modified":"2025-10-27T18:21:51","modified_gmt":"2025-10-27T18:21:51","slug":"perfume-poett-aromatizante-para-ropa-gatillo-por-250-ml-suavidad-de-algodon","status":"publish","type":"product","link":"https:\/\/limpos.com.ar\/en\/product\/perfume-poett-aromatizante-para-ropa-gatillo-por-250-ml-suavidad-de-algodon\/","title":{"rendered":"PERFUME POETT | AROMATIZANTE PARA ROPA GATILLO POR 250 ML SUAVIDAD DE ALGOD\u00d3N"},"content":{"rendered":"<p>La fragancia comienza su salida con un acorde de aldeh\u00eddico y c\u00edtricos que brinda la percepci\u00f3n de frescura y aire libre.<\/p>","protected":false},"excerpt":{"rendered":"<p>AROMATIZANTE PARA ROPA GATILLO POR 250 ML TODAS LAS FRAGANCIAS<\/p>","protected":false},"featured_media":16349,"template":"","meta":[],"product_brand":[],"product_cat":[4057,4105],"product_tag":[4042],"class_list":{"0":"post-16348","1":"product","2":"type-product","3":"status-publish","4":"has-post-thumbnail","6":"product_cat-cuidado-de-ropa","7":"product_cat-perfume","8":"product_tag-poett","10":"first","11":"instock","12":"purchasable","13":"product-type-simple"},"_links":{"self":[{"href":"https:\/\/limpos.com.ar\/en\/wp-json\/wp\/v2\/product\/16348","targetHints":{"allow":["GET"]}}],"collection":[{"href":"https:\/\/limpos.com.ar\/en\/wp-json\/wp\/v2\/product"}],"about":[{"href":"https:\/\/limpos.com.ar\/en\/wp-json\/wp\/v2\/types\/product"}],"wp:featuredmedia":[{"embeddable":true,"href":"https:\/\/limpos.com.ar\/en\/wp-json\/wp\/v2\/media\/16349"}],"wp:attachment":[{"href":"https:\/\/limpos.com.ar\/en\/wp-json\/wp\/v2\/media?parent=16348"}],"wp:term":[{"taxonomy":"product_brand","embeddable":true,"href":"https:\/\/limpos.com.ar\/en\/wp-json\/wp\/v2\/product_brand?post=16348"},{"taxonomy":"product_cat","embeddable":true,"href":"https:\/\/limpos.com.ar\/en\/wp-json\/wp\/v2\/product_cat?post=16348"},{"taxonomy":"product_tag","embeddable":true,"href":"https:\/\/limpos.com.ar\/en\/wp-json\/wp\/v2\/product_tag?post=16348"}],"curies":[{"name":"wp","href":"https:\/\/api.w.org\/{rel}","templated":true}]}}