{"id":16342,"date":"2025-09-03T15:40:04","date_gmt":"2025-09-03T15:40:04","guid":{"rendered":"https:\/\/limpos.com.ar\/tienda\/?post_type=product&#038;p=16342"},"modified":"2025-10-27T18:21:51","modified_gmt":"2025-10-27T18:21:51","slug":"perfume-poett-aromatizante-para-ropa-gatillo-por-250-ml-suavidad-de-bebe","status":"publish","type":"product","link":"https:\/\/limpos.com.ar\/en\/product\/perfume-poett-aromatizante-para-ropa-gatillo-por-250-ml-suavidad-de-bebe\/","title":{"rendered":"PERFUME POETT | AROMATIZANTE PARA ROPA GATILLO POR 250 ML SUAVIDAD DE BEB\u00c9"},"content":{"rendered":"<p>Notas frescas, c\u00edtricas y aldeh\u00eddicas que transmiten una sensaci\u00f3n de limpieza balanceando un delicado coraz\u00f3n floral con suaves notas almizcladas que nos transportan a un entorno de confort y cuidado.<\/p>","protected":false},"excerpt":{"rendered":"<p>AROMATIZANTE PARA ROPA GATILLO POR 250 ML TODAS LAS FRAGANCIAS<\/p>","protected":false},"featured_media":16343,"template":"","meta":[],"product_brand":[],"product_cat":[4057,4105],"product_tag":[4042],"class_list":{"0":"post-16342","1":"product","2":"type-product","3":"status-publish","4":"has-post-thumbnail","6":"product_cat-cuidado-de-ropa","7":"product_cat-perfume","8":"product_tag-poett","10":"first","11":"instock","12":"purchasable","13":"product-type-simple"},"_links":{"self":[{"href":"https:\/\/limpos.com.ar\/en\/wp-json\/wp\/v2\/product\/16342","targetHints":{"allow":["GET"]}}],"collection":[{"href":"https:\/\/limpos.com.ar\/en\/wp-json\/wp\/v2\/product"}],"about":[{"href":"https:\/\/limpos.com.ar\/en\/wp-json\/wp\/v2\/types\/product"}],"wp:featuredmedia":[{"embeddable":true,"href":"https:\/\/limpos.com.ar\/en\/wp-json\/wp\/v2\/media\/16343"}],"wp:attachment":[{"href":"https:\/\/limpos.com.ar\/en\/wp-json\/wp\/v2\/media?parent=16342"}],"wp:term":[{"taxonomy":"product_brand","embeddable":true,"href":"https:\/\/limpos.com.ar\/en\/wp-json\/wp\/v2\/product_brand?post=16342"},{"taxonomy":"product_cat","embeddable":true,"href":"https:\/\/limpos.com.ar\/en\/wp-json\/wp\/v2\/product_cat?post=16342"},{"taxonomy":"product_tag","embeddable":true,"href":"https:\/\/limpos.com.ar\/en\/wp-json\/wp\/v2\/product_tag?post=16342"}],"curies":[{"name":"wp","href":"https:\/\/api.w.org\/{rel}","templated":true}]}}