{"id":16093,"date":"2025-08-28T02:08:56","date_gmt":"2025-08-28T02:08:56","guid":{"rendered":"https:\/\/limpos.com.ar\/tienda\/?post_type=product&#038;p=16093"},"modified":"2025-11-05T17:55:01","modified_gmt":"2025-11-05T17:55:01","slug":"canasta-glade-para-inodoro-repuesto-liquida-por-50-ml-mananas-de-campo","status":"publish","type":"product","link":"https:\/\/limpos.com.ar\/en\/product\/canasta-glade-para-inodoro-repuesto-liquida-por-50-ml-mananas-de-campo\/","title":{"rendered":"CANASTA GLADE | PARA INODORO  REPUESTO L\u00cdQUIDA POR 50 ML MA\u00d1ANAS DE CAMPO"},"content":{"rendered":"","protected":false},"excerpt":{"rendered":"<p>PARA INODORO  REPUESTO L\u00cdQUIDA POR 50 ML VARIAS FRAGANCIAS<\/p>","protected":false},"featured_media":16095,"template":"","meta":[],"product_brand":[],"product_cat":[4055,3957],"product_tag":[4040],"class_list":{"0":"post-16093","1":"product","2":"type-product","3":"status-publish","4":"has-post-thumbnail","6":"product_cat-desodorantes-bano","7":"product_cat-bano","8":"product_tag-glade","10":"first","11":"instock","12":"purchasable","13":"product-type-simple"},"_links":{"self":[{"href":"https:\/\/limpos.com.ar\/en\/wp-json\/wp\/v2\/product\/16093","targetHints":{"allow":["GET"]}}],"collection":[{"href":"https:\/\/limpos.com.ar\/en\/wp-json\/wp\/v2\/product"}],"about":[{"href":"https:\/\/limpos.com.ar\/en\/wp-json\/wp\/v2\/types\/product"}],"wp:featuredmedia":[{"embeddable":true,"href":"https:\/\/limpos.com.ar\/en\/wp-json\/wp\/v2\/media\/16095"}],"wp:attachment":[{"href":"https:\/\/limpos.com.ar\/en\/wp-json\/wp\/v2\/media?parent=16093"}],"wp:term":[{"taxonomy":"product_brand","embeddable":true,"href":"https:\/\/limpos.com.ar\/en\/wp-json\/wp\/v2\/product_brand?post=16093"},{"taxonomy":"product_cat","embeddable":true,"href":"https:\/\/limpos.com.ar\/en\/wp-json\/wp\/v2\/product_cat?post=16093"},{"taxonomy":"product_tag","embeddable":true,"href":"https:\/\/limpos.com.ar\/en\/wp-json\/wp\/v2\/product_tag?post=16093"}],"curies":[{"name":"wp","href":"https:\/\/api.w.org\/{rel}","templated":true}]}}