{"id":16087,"date":"2025-08-28T02:01:02","date_gmt":"2025-08-28T02:01:02","guid":{"rendered":"https:\/\/limpos.com.ar\/tienda\/?post_type=product&#038;p=16087"},"modified":"2025-11-05T18:02:54","modified_gmt":"2025-11-05T18:02:54","slug":"canasta-glade-para-inodoro-liquida-aparato-repuesto-por-50-ml-manana-de-campo","status":"publish","type":"product","link":"https:\/\/limpos.com.ar\/en\/product\/canasta-glade-para-inodoro-liquida-aparato-repuesto-por-50-ml-manana-de-campo\/","title":{"rendered":"CANASTA GLADE | PARA INODORO L\u00cdQUIDA APARATO + REPUESTO POR 50 ML MA\u00d1ANA DE CAMPO"},"content":{"rendered":"","protected":false},"excerpt":{"rendered":"<p>PARA INODORO L\u00cdQUIDA APARATO + REPUESTO POR 50 ML VARIAS FRAGANCIAS<\/p>","protected":false},"featured_media":16088,"template":"","meta":[],"product_brand":[],"product_cat":[4055,3957],"product_tag":[4040],"class_list":{"0":"post-16087","1":"product","2":"type-product","3":"status-publish","4":"has-post-thumbnail","6":"product_cat-desodorantes-bano","7":"product_cat-bano","8":"product_tag-glade","10":"first","11":"instock","12":"purchasable","13":"product-type-simple"},"_links":{"self":[{"href":"https:\/\/limpos.com.ar\/en\/wp-json\/wp\/v2\/product\/16087","targetHints":{"allow":["GET"]}}],"collection":[{"href":"https:\/\/limpos.com.ar\/en\/wp-json\/wp\/v2\/product"}],"about":[{"href":"https:\/\/limpos.com.ar\/en\/wp-json\/wp\/v2\/types\/product"}],"wp:featuredmedia":[{"embeddable":true,"href":"https:\/\/limpos.com.ar\/en\/wp-json\/wp\/v2\/media\/16088"}],"wp:attachment":[{"href":"https:\/\/limpos.com.ar\/en\/wp-json\/wp\/v2\/media?parent=16087"}],"wp:term":[{"taxonomy":"product_brand","embeddable":true,"href":"https:\/\/limpos.com.ar\/en\/wp-json\/wp\/v2\/product_brand?post=16087"},{"taxonomy":"product_cat","embeddable":true,"href":"https:\/\/limpos.com.ar\/en\/wp-json\/wp\/v2\/product_cat?post=16087"},{"taxonomy":"product_tag","embeddable":true,"href":"https:\/\/limpos.com.ar\/en\/wp-json\/wp\/v2\/product_tag?post=16087"}],"curies":[{"name":"wp","href":"https:\/\/api.w.org\/{rel}","templated":true}]}}