{"id":16054,"date":"2025-08-26T19:16:18","date_gmt":"2025-08-26T19:16:18","guid":{"rendered":"https:\/\/limpos.com.ar\/tienda\/?post_type=product&#038;p=16054"},"modified":"2025-11-05T18:10:55","modified_gmt":"2025-11-05T18:10:55","slug":"gel-para-auto-glade-en-lata-por-70-gr-citrus","status":"publish","type":"product","link":"https:\/\/limpos.com.ar\/en\/product\/gel-para-auto-glade-en-lata-por-70-gr-citrus\/","title":{"rendered":"GEL PARA AUTO GLADE | EN LATA POR 70 GR &#8211; CITRUS"},"content":{"rendered":"<p>Refresc\u00e1 tu viaje y obten\u00e9 semanas de frescura discreta y econ\u00f3mica con Glade<sup>\u00ae<\/sup>\u00a0Citrus Gel Auto. La tapa de pl\u00e1stico te permite liberar la refrescante fragancia prolongada a lim\u00f3n reci\u00e9n exprimido para que puedas contar con una gran frescura.<\/p>","protected":false},"excerpt":{"rendered":"<p>EN LATA POR 70 GR &#8211; VARIAS FRAGANCIAS<\/p>","protected":false},"featured_media":16055,"template":"","meta":[],"product_brand":[],"product_cat":[4048,3978],"product_tag":[4040],"class_list":{"0":"post-16054","1":"product","2":"type-product","3":"status-publish","4":"has-post-thumbnail","6":"product_cat-desodorantes-automovil","7":"product_cat-vehiculos","8":"product_tag-glade","10":"first","11":"instock","12":"purchasable","13":"product-type-simple"},"_links":{"self":[{"href":"https:\/\/limpos.com.ar\/en\/wp-json\/wp\/v2\/product\/16054","targetHints":{"allow":["GET"]}}],"collection":[{"href":"https:\/\/limpos.com.ar\/en\/wp-json\/wp\/v2\/product"}],"about":[{"href":"https:\/\/limpos.com.ar\/en\/wp-json\/wp\/v2\/types\/product"}],"wp:featuredmedia":[{"embeddable":true,"href":"https:\/\/limpos.com.ar\/en\/wp-json\/wp\/v2\/media\/16055"}],"wp:attachment":[{"href":"https:\/\/limpos.com.ar\/en\/wp-json\/wp\/v2\/media?parent=16054"}],"wp:term":[{"taxonomy":"product_brand","embeddable":true,"href":"https:\/\/limpos.com.ar\/en\/wp-json\/wp\/v2\/product_brand?post=16054"},{"taxonomy":"product_cat","embeddable":true,"href":"https:\/\/limpos.com.ar\/en\/wp-json\/wp\/v2\/product_cat?post=16054"},{"taxonomy":"product_tag","embeddable":true,"href":"https:\/\/limpos.com.ar\/en\/wp-json\/wp\/v2\/product_tag?post=16054"}],"curies":[{"name":"wp","href":"https:\/\/api.w.org\/{rel}","templated":true}]}}