{"id":15774,"date":"2025-08-19T18:51:04","date_gmt":"2025-08-19T18:51:04","guid":{"rendered":"https:\/\/limpos.com.ar\/tienda\/?post_type=product&#038;p=15774"},"modified":"2025-10-27T15:04:15","modified_gmt":"2025-10-27T15:04:15","slug":"desodorante-de-ambiente-poett-en-aerosol-por-360-cc-espiritu-play","status":"publish","type":"product","link":"https:\/\/limpos.com.ar\/en\/product\/desodorante-de-ambiente-poett-en-aerosol-por-360-cc-espiritu-play\/","title":{"rendered":"DESODORANTE  DE AMBIENTE POETT | EN AEROSOL POR 360 CC ESP\u00cdRITU PLAY"},"content":{"rendered":"<p>Una estimulante mezcla floral y frutal. Sus notas de salida est\u00e1n compuestas por frescas notas verdes combinadas con c\u00edtricos perfumados. Su coraz\u00f3n es floral, femenino y es enriquecido por la delicadeza de las flores blancas. Sus notas de fondo son persistentes y almizcladas.<\/p>","protected":false},"excerpt":{"rendered":"<p>EN AEROSOL POR 360 CC &#8211; VARIAS FRAGANCIAS<\/p>","protected":false},"featured_media":15775,"template":"","meta":[],"product_brand":[],"product_cat":[4039,3954,3976],"product_tag":[4042],"class_list":{"0":"post-15774","1":"product","2":"type-product","3":"status-publish","4":"has-post-thumbnail","6":"product_cat-desodorantes","7":"product_cat-hogar","8":"product_cat-varios","9":"product_tag-poett","11":"first","12":"instock","13":"purchasable","14":"product-type-simple"},"_links":{"self":[{"href":"https:\/\/limpos.com.ar\/en\/wp-json\/wp\/v2\/product\/15774","targetHints":{"allow":["GET"]}}],"collection":[{"href":"https:\/\/limpos.com.ar\/en\/wp-json\/wp\/v2\/product"}],"about":[{"href":"https:\/\/limpos.com.ar\/en\/wp-json\/wp\/v2\/types\/product"}],"wp:featuredmedia":[{"embeddable":true,"href":"https:\/\/limpos.com.ar\/en\/wp-json\/wp\/v2\/media\/15775"}],"wp:attachment":[{"href":"https:\/\/limpos.com.ar\/en\/wp-json\/wp\/v2\/media?parent=15774"}],"wp:term":[{"taxonomy":"product_brand","embeddable":true,"href":"https:\/\/limpos.com.ar\/en\/wp-json\/wp\/v2\/product_brand?post=15774"},{"taxonomy":"product_cat","embeddable":true,"href":"https:\/\/limpos.com.ar\/en\/wp-json\/wp\/v2\/product_cat?post=15774"},{"taxonomy":"product_tag","embeddable":true,"href":"https:\/\/limpos.com.ar\/en\/wp-json\/wp\/v2\/product_tag?post=15774"}],"curies":[{"name":"wp","href":"https:\/\/api.w.org\/{rel}","templated":true}]}}