{"id":15766,"date":"2025-08-19T18:43:10","date_gmt":"2025-08-19T18:43:10","guid":{"rendered":"https:\/\/limpos.com.ar\/tienda\/?post_type=product&#038;p=15766"},"modified":"2025-10-27T15:04:16","modified_gmt":"2025-10-27T15:04:16","slug":"desodorante-de-ambiente-poett-en-aerosol-por-360-cc-solo-para-ti","status":"publish","type":"product","link":"https:\/\/limpos.com.ar\/en\/product\/desodorante-de-ambiente-poett-en-aerosol-por-360-cc-solo-para-ti\/","title":{"rendered":"DESODORANTE  DE AMBIENTE POETT | EN AEROSOL POR 360 CC SOLO PARA TI"},"content":{"rendered":"<p>Fragancia creada a partir de un sofisticado acorde de flores blancas tales como el jazm\u00edn y la violeta con rosa fresca y peon\u00eda. En la salida, las refrescantes notas frutales aportan transparencia y modernidad. Para finalizar, un c\u00e1lido acorde oriental se mezcla con vainilla dulce y suaves notas de almizcle y \u00e1mbar.<\/p>","protected":false},"excerpt":{"rendered":"<p>EN AEROSOL POR 360 CC &#8211; VARIAS FRAGANCIAS<\/p>","protected":false},"featured_media":15767,"template":"","meta":[],"product_brand":[],"product_cat":[4039,3954,3976],"product_tag":[4042],"class_list":{"0":"post-15766","1":"product","2":"type-product","3":"status-publish","4":"has-post-thumbnail","6":"product_cat-desodorantes","7":"product_cat-hogar","8":"product_cat-varios","9":"product_tag-poett","11":"first","12":"instock","13":"purchasable","14":"product-type-simple"},"_links":{"self":[{"href":"https:\/\/limpos.com.ar\/en\/wp-json\/wp\/v2\/product\/15766","targetHints":{"allow":["GET"]}}],"collection":[{"href":"https:\/\/limpos.com.ar\/en\/wp-json\/wp\/v2\/product"}],"about":[{"href":"https:\/\/limpos.com.ar\/en\/wp-json\/wp\/v2\/types\/product"}],"wp:featuredmedia":[{"embeddable":true,"href":"https:\/\/limpos.com.ar\/en\/wp-json\/wp\/v2\/media\/15767"}],"wp:attachment":[{"href":"https:\/\/limpos.com.ar\/en\/wp-json\/wp\/v2\/media?parent=15766"}],"wp:term":[{"taxonomy":"product_brand","embeddable":true,"href":"https:\/\/limpos.com.ar\/en\/wp-json\/wp\/v2\/product_brand?post=15766"},{"taxonomy":"product_cat","embeddable":true,"href":"https:\/\/limpos.com.ar\/en\/wp-json\/wp\/v2\/product_cat?post=15766"},{"taxonomy":"product_tag","embeddable":true,"href":"https:\/\/limpos.com.ar\/en\/wp-json\/wp\/v2\/product_tag?post=15766"}],"curies":[{"name":"wp","href":"https:\/\/api.w.org\/{rel}","templated":true}]}}