{"id":15762,"date":"2025-08-19T18:32:35","date_gmt":"2025-08-19T18:32:35","guid":{"rendered":"https:\/\/limpos.com.ar\/tienda\/?post_type=product&#038;p=15762"},"modified":"2025-10-27T15:04:16","modified_gmt":"2025-10-27T15:04:16","slug":"desodorante-de-ambiente-poett-en-aerosol-por-360-cc-suavidad-de-bebe","status":"publish","type":"product","link":"https:\/\/limpos.com.ar\/en\/product\/desodorante-de-ambiente-poett-en-aerosol-por-360-cc-suavidad-de-bebe\/","title":{"rendered":"DESODORANTE  DE AMBIENTE POETT | EN AEROSOL POR 360 CC SUAVIDAD DE BEB\u00c9"},"content":{"rendered":"<p>Notas frescas, c\u00edtricas y aldeh\u00eddicas que transmiten una sensaci\u00f3n de limpieza balanceando un delicado coraz\u00f3n floral con suaves notas almizcladas que nos transportan a un entorno de confort y cuidado.<\/p>","protected":false},"excerpt":{"rendered":"<p>EN AEROSOL POR 360 CC &#8211; VARIAS FRAGANCIAS<\/p>","protected":false},"featured_media":15763,"template":"","meta":[],"product_brand":[],"product_cat":[4039,3954,3976],"product_tag":[4042],"class_list":{"0":"post-15762","1":"product","2":"type-product","3":"status-publish","4":"has-post-thumbnail","6":"product_cat-desodorantes","7":"product_cat-hogar","8":"product_cat-varios","9":"product_tag-poett","11":"first","12":"instock","13":"purchasable","14":"product-type-simple"},"_links":{"self":[{"href":"https:\/\/limpos.com.ar\/en\/wp-json\/wp\/v2\/product\/15762","targetHints":{"allow":["GET"]}}],"collection":[{"href":"https:\/\/limpos.com.ar\/en\/wp-json\/wp\/v2\/product"}],"about":[{"href":"https:\/\/limpos.com.ar\/en\/wp-json\/wp\/v2\/types\/product"}],"wp:featuredmedia":[{"embeddable":true,"href":"https:\/\/limpos.com.ar\/en\/wp-json\/wp\/v2\/media\/15763"}],"wp:attachment":[{"href":"https:\/\/limpos.com.ar\/en\/wp-json\/wp\/v2\/media?parent=15762"}],"wp:term":[{"taxonomy":"product_brand","embeddable":true,"href":"https:\/\/limpos.com.ar\/en\/wp-json\/wp\/v2\/product_brand?post=15762"},{"taxonomy":"product_cat","embeddable":true,"href":"https:\/\/limpos.com.ar\/en\/wp-json\/wp\/v2\/product_cat?post=15762"},{"taxonomy":"product_tag","embeddable":true,"href":"https:\/\/limpos.com.ar\/en\/wp-json\/wp\/v2\/product_tag?post=15762"}],"curies":[{"name":"wp","href":"https:\/\/api.w.org\/{rel}","templated":true}]}}