{"id":15759,"date":"2025-08-19T18:28:01","date_gmt":"2025-08-19T18:28:01","guid":{"rendered":"https:\/\/limpos.com.ar\/tienda\/?post_type=product&#038;p=15759"},"modified":"2025-10-27T15:04:16","modified_gmt":"2025-10-27T15:04:16","slug":"desodorante-de-ambiente-poett-en-aerosol-por-360-cc-flores-de-primavera","status":"publish","type":"product","link":"https:\/\/limpos.com.ar\/en\/product\/desodorante-de-ambiente-poett-en-aerosol-por-360-cc-flores-de-primavera\/","title":{"rendered":"DESODORANTE  DE AMBIENTE POETT | EN AEROSOL POR 360 CC FLORES DE PRIMAVERA"},"content":{"rendered":"<p>Notas frescas frutadas y c\u00edtricas se combinan con un coraz\u00f3n de flores, del cual emanan unas audaces notas de fresia, jazm\u00edn, rosa y neroli as\u00ed como hojas de violeta y damasco que le dan cuerpo. Todo esto es acompa\u00f1ado por notas amaderadas almizcladas y dulces que le dan profundidad y calidez.<\/p>","protected":false},"excerpt":{"rendered":"<p>EN AEROSOL POR 360 CC &#8211; VARIAS FRAGANCIAS<\/p>","protected":false},"featured_media":15760,"template":"","meta":[],"product_brand":[],"product_cat":[4039,3954,3976],"product_tag":[4042],"class_list":{"0":"post-15759","1":"product","2":"type-product","3":"status-publish","4":"has-post-thumbnail","6":"product_cat-desodorantes","7":"product_cat-hogar","8":"product_cat-varios","9":"product_tag-poett","11":"first","12":"instock","13":"purchasable","14":"product-type-simple"},"_links":{"self":[{"href":"https:\/\/limpos.com.ar\/en\/wp-json\/wp\/v2\/product\/15759","targetHints":{"allow":["GET"]}}],"collection":[{"href":"https:\/\/limpos.com.ar\/en\/wp-json\/wp\/v2\/product"}],"about":[{"href":"https:\/\/limpos.com.ar\/en\/wp-json\/wp\/v2\/types\/product"}],"wp:featuredmedia":[{"embeddable":true,"href":"https:\/\/limpos.com.ar\/en\/wp-json\/wp\/v2\/media\/15760"}],"wp:attachment":[{"href":"https:\/\/limpos.com.ar\/en\/wp-json\/wp\/v2\/media?parent=15759"}],"wp:term":[{"taxonomy":"product_brand","embeddable":true,"href":"https:\/\/limpos.com.ar\/en\/wp-json\/wp\/v2\/product_brand?post=15759"},{"taxonomy":"product_cat","embeddable":true,"href":"https:\/\/limpos.com.ar\/en\/wp-json\/wp\/v2\/product_cat?post=15759"},{"taxonomy":"product_tag","embeddable":true,"href":"https:\/\/limpos.com.ar\/en\/wp-json\/wp\/v2\/product_tag?post=15759"}],"curies":[{"name":"wp","href":"https:\/\/api.w.org\/{rel}","templated":true}]}}