{"id":15573,"date":"2025-08-07T14:21:29","date_gmt":"2025-08-07T14:21:29","guid":{"rendered":"https:\/\/limpos.com.ar\/tienda\/?post_type=product&#038;p=15573"},"modified":"2025-10-21T21:06:11","modified_gmt":"2025-10-21T21:06:11","slug":"perfume-saphirus-aromatizante-para-ropa-gatillo-por-250-ml-angel","status":"publish","type":"product","link":"https:\/\/limpos.com.ar\/en\/product\/perfume-saphirus-aromatizante-para-ropa-gatillo-por-250-ml-angel\/","title":{"rendered":"PERFUME SAPHIRUS | AROMATIZANTE PARA ROPA GATILLO POR 250 ML ANGEL"},"content":{"rendered":"<p>Una sutil fragancia sensual con notas de salida mandarina pomelo y azafr\u00e1n coraz\u00f3n de lirio orqu\u00eddea e ylang y un fondo de cedro, vainilla y almizcle blanco.<\/p>\n<div class=\"single-product-attributes\"><\/div>","protected":false},"excerpt":{"rendered":"<p>AROMATIZANTE PARA ROPA GATILLO POR 250 ML TODAS LAS FRAGANCIAS<\/p>","protected":false},"featured_media":15574,"template":"","meta":[],"product_brand":[],"product_cat":[4057,4105],"product_tag":[4038],"class_list":{"0":"post-15573","1":"product","2":"type-product","3":"status-publish","4":"has-post-thumbnail","6":"product_cat-cuidado-de-ropa","7":"product_cat-perfume","8":"product_tag-saphirus","10":"first","11":"instock","12":"purchasable","13":"product-type-simple"},"_links":{"self":[{"href":"https:\/\/limpos.com.ar\/en\/wp-json\/wp\/v2\/product\/15573","targetHints":{"allow":["GET"]}}],"collection":[{"href":"https:\/\/limpos.com.ar\/en\/wp-json\/wp\/v2\/product"}],"about":[{"href":"https:\/\/limpos.com.ar\/en\/wp-json\/wp\/v2\/types\/product"}],"wp:featuredmedia":[{"embeddable":true,"href":"https:\/\/limpos.com.ar\/en\/wp-json\/wp\/v2\/media\/15574"}],"wp:attachment":[{"href":"https:\/\/limpos.com.ar\/en\/wp-json\/wp\/v2\/media?parent=15573"}],"wp:term":[{"taxonomy":"product_brand","embeddable":true,"href":"https:\/\/limpos.com.ar\/en\/wp-json\/wp\/v2\/product_brand?post=15573"},{"taxonomy":"product_cat","embeddable":true,"href":"https:\/\/limpos.com.ar\/en\/wp-json\/wp\/v2\/product_cat?post=15573"},{"taxonomy":"product_tag","embeddable":true,"href":"https:\/\/limpos.com.ar\/en\/wp-json\/wp\/v2\/product_tag?post=15573"}],"curies":[{"name":"wp","href":"https:\/\/api.w.org\/{rel}","templated":true}]}}