{"id":15565,"date":"2025-08-07T14:02:35","date_gmt":"2025-08-07T14:02:35","guid":{"rendered":"https:\/\/limpos.com.ar\/tienda\/?post_type=product&#038;p=15565"},"modified":"2025-10-21T21:06:16","modified_gmt":"2025-10-21T21:06:16","slug":"perfume-saphirus-aromatizante-para-ropa-gatillo-por-250-ml-linah","status":"publish","type":"product","link":"https:\/\/limpos.com.ar\/en\/product\/perfume-saphirus-aromatizante-para-ropa-gatillo-por-250-ml-linah\/","title":{"rendered":"PERFUME SAPHIRUS | AROMATIZANTE PARA ROPA GATILLO POR 250 ML LINAH"},"content":{"rendered":"<p>Din\u00e1mica y energ\u00e9tica mezcla de c\u00edtricos con sutiles acordes frutales; en la salida se combinan acordes de naranja amarga, lim\u00f3n y bergamota; en el coraz\u00f3n se destacan las notas c\u00edtricas aldeh\u00eddicas y la c\u00e1scara de naranja acompa\u00f1ado de un tierno bouquet frutado.<\/p>","protected":false},"excerpt":{"rendered":"<p>AROMATIZANTE PARA ROPA GATILLO POR 250 ML TODAS LAS FRAGANCIAS<\/p>","protected":false},"featured_media":15566,"template":"","meta":[],"product_brand":[],"product_cat":[4057,4105],"product_tag":[4038],"class_list":{"0":"post-15565","1":"product","2":"type-product","3":"status-publish","4":"has-post-thumbnail","6":"product_cat-cuidado-de-ropa","7":"product_cat-perfume","8":"product_tag-saphirus","10":"first","11":"instock","12":"purchasable","13":"product-type-simple"},"_links":{"self":[{"href":"https:\/\/limpos.com.ar\/en\/wp-json\/wp\/v2\/product\/15565","targetHints":{"allow":["GET"]}}],"collection":[{"href":"https:\/\/limpos.com.ar\/en\/wp-json\/wp\/v2\/product"}],"about":[{"href":"https:\/\/limpos.com.ar\/en\/wp-json\/wp\/v2\/types\/product"}],"wp:featuredmedia":[{"embeddable":true,"href":"https:\/\/limpos.com.ar\/en\/wp-json\/wp\/v2\/media\/15566"}],"wp:attachment":[{"href":"https:\/\/limpos.com.ar\/en\/wp-json\/wp\/v2\/media?parent=15565"}],"wp:term":[{"taxonomy":"product_brand","embeddable":true,"href":"https:\/\/limpos.com.ar\/en\/wp-json\/wp\/v2\/product_brand?post=15565"},{"taxonomy":"product_cat","embeddable":true,"href":"https:\/\/limpos.com.ar\/en\/wp-json\/wp\/v2\/product_cat?post=15565"},{"taxonomy":"product_tag","embeddable":true,"href":"https:\/\/limpos.com.ar\/en\/wp-json\/wp\/v2\/product_tag?post=15565"}],"curies":[{"name":"wp","href":"https:\/\/api.w.org\/{rel}","templated":true}]}}