{"id":15558,"date":"2025-08-06T18:16:49","date_gmt":"2025-08-06T18:16:49","guid":{"rendered":"https:\/\/limpos.com.ar\/tienda\/?post_type=product&#038;p=15558"},"modified":"2025-10-21T21:06:16","modified_gmt":"2025-10-21T21:06:16","slug":"perfume-saphirus-aromatizante-para-ropa-gatillo-por-250-ml-lavanda","status":"publish","type":"product","link":"https:\/\/limpos.com.ar\/en\/product\/perfume-saphirus-aromatizante-para-ropa-gatillo-por-250-ml-lavanda\/","title":{"rendered":"PERFUME SAPHIRUS | AROMATIZANTE PARA ROPA GATILLO POR 250 ML LAVANDA"},"content":{"rendered":"<p>Cl\u00e1sica fragancia que se abre con notas delicadas de flores de lavanda y sutiles destellos de romero en su cabeza. En su cuerpo se presenta con notas florales de rosa y jazm\u00edn que acompa\u00f1an y suavizan la nota principal de la composici\u00f3n. Su fondo persistente y amaderado se compone de finas maderas de Cedro y Musgo.<\/p>","protected":false},"excerpt":{"rendered":"<p>AROMATIZANTE PARA ROPA GATILLO POR 250 ML TODAS LAS FRAGANCIAS<\/p>","protected":false},"featured_media":15559,"template":"","meta":[],"product_brand":[],"product_cat":[4057,4105],"product_tag":[4038],"class_list":{"0":"post-15558","1":"product","2":"type-product","3":"status-publish","4":"has-post-thumbnail","6":"product_cat-cuidado-de-ropa","7":"product_cat-perfume","8":"product_tag-saphirus","10":"first","11":"instock","12":"purchasable","13":"product-type-simple"},"_links":{"self":[{"href":"https:\/\/limpos.com.ar\/en\/wp-json\/wp\/v2\/product\/15558","targetHints":{"allow":["GET"]}}],"collection":[{"href":"https:\/\/limpos.com.ar\/en\/wp-json\/wp\/v2\/product"}],"about":[{"href":"https:\/\/limpos.com.ar\/en\/wp-json\/wp\/v2\/types\/product"}],"wp:featuredmedia":[{"embeddable":true,"href":"https:\/\/limpos.com.ar\/en\/wp-json\/wp\/v2\/media\/15559"}],"wp:attachment":[{"href":"https:\/\/limpos.com.ar\/en\/wp-json\/wp\/v2\/media?parent=15558"}],"wp:term":[{"taxonomy":"product_brand","embeddable":true,"href":"https:\/\/limpos.com.ar\/en\/wp-json\/wp\/v2\/product_brand?post=15558"},{"taxonomy":"product_cat","embeddable":true,"href":"https:\/\/limpos.com.ar\/en\/wp-json\/wp\/v2\/product_cat?post=15558"},{"taxonomy":"product_tag","embeddable":true,"href":"https:\/\/limpos.com.ar\/en\/wp-json\/wp\/v2\/product_tag?post=15558"}],"curies":[{"name":"wp","href":"https:\/\/api.w.org\/{rel}","templated":true}]}}