{"id":15123,"date":"2025-07-28T16:46:57","date_gmt":"2025-07-28T16:46:57","guid":{"rendered":"https:\/\/limpos.com.ar\/tienda\/producto\/escobilla-x-per-para-bano-con-base-jazmin\/"},"modified":"2025-12-16T15:39:56","modified_gmt":"2025-12-16T15:39:56","slug":"escobilla-x-per-para-bano-con-base-jazmin","status":"publish","type":"product","link":"https:\/\/limpos.com.ar\/en\/product\/escobilla-x-per-para-bano-con-base-jazmin\/","title":{"rendered":"ESCOBILLA X-PER | PARA BA\u00d1O CON BASE JAZM\u00cdN"},"content":{"rendered":"","protected":false},"excerpt":{"rendered":"<p>PARA BA\u00d1O CON BASE JAZM\u00cdN<\/p>","protected":false},"featured_media":6305,"template":"","meta":[],"product_brand":[],"product_cat":[4364,4365,3957,3976],"product_tag":[4059],"class_list":{"0":"post-15123","1":"product","2":"type-product","3":"status-publish","4":"has-post-thumbnail","6":"product_cat-cepillos-bano","7":"product_cat-escobillas","8":"product_cat-bano","9":"product_cat-varios","10":"product_tag-x-per","12":"first","13":"instock","14":"purchasable","15":"product-type-simple"},"_links":{"self":[{"href":"https:\/\/limpos.com.ar\/en\/wp-json\/wp\/v2\/product\/15123","targetHints":{"allow":["GET"]}}],"collection":[{"href":"https:\/\/limpos.com.ar\/en\/wp-json\/wp\/v2\/product"}],"about":[{"href":"https:\/\/limpos.com.ar\/en\/wp-json\/wp\/v2\/types\/product"}],"wp:featuredmedia":[{"embeddable":true,"href":"https:\/\/limpos.com.ar\/en\/wp-json\/wp\/v2\/media\/6305"}],"wp:attachment":[{"href":"https:\/\/limpos.com.ar\/en\/wp-json\/wp\/v2\/media?parent=15123"}],"wp:term":[{"taxonomy":"product_brand","embeddable":true,"href":"https:\/\/limpos.com.ar\/en\/wp-json\/wp\/v2\/product_brand?post=15123"},{"taxonomy":"product_cat","embeddable":true,"href":"https:\/\/limpos.com.ar\/en\/wp-json\/wp\/v2\/product_cat?post=15123"},{"taxonomy":"product_tag","embeddable":true,"href":"https:\/\/limpos.com.ar\/en\/wp-json\/wp\/v2\/product_tag?post=15123"}],"curies":[{"name":"wp","href":"https:\/\/api.w.org\/{rel}","templated":true}]}}