{"id":14927,"date":"2025-07-28T16:44:08","date_gmt":"2025-07-28T16:44:08","guid":{"rendered":"https:\/\/limpos.com.ar\/tienda\/producto\/desodorante-veritas-talco-pedico-por-120-grs\/"},"modified":"2025-12-26T16:21:15","modified_gmt":"2025-12-26T16:21:15","slug":"desodorante-veritas-talco-pedico-por-120-grs","status":"publish","type":"product","link":"https:\/\/limpos.com.ar\/en\/product\/desodorante-veritas-talco-pedico-por-120-grs\/","title":{"rendered":"DESODORANTE V\u00c9RITAS | TALCO P\u00c9DICO POR 120 GRS"},"content":{"rendered":"","protected":false},"excerpt":{"rendered":"<p>TALCO P\u00c9DICO POR 120 GRS<\/p>","protected":false},"featured_media":6015,"template":"","meta":[],"product_brand":[],"product_cat":[4230,4283,4215,3976],"product_tag":[4284],"class_list":{"0":"post-14927","1":"product","2":"type-product","3":"status-publish","4":"has-post-thumbnail","6":"product_cat-desodorantes-cuidado-personal","7":"product_cat-pedico-talco","8":"product_cat-perfumeria","9":"product_cat-varios","10":"product_tag-veritas","12":"first","13":"instock","14":"purchasable","15":"product-type-simple"},"_links":{"self":[{"href":"https:\/\/limpos.com.ar\/en\/wp-json\/wp\/v2\/product\/14927","targetHints":{"allow":["GET"]}}],"collection":[{"href":"https:\/\/limpos.com.ar\/en\/wp-json\/wp\/v2\/product"}],"about":[{"href":"https:\/\/limpos.com.ar\/en\/wp-json\/wp\/v2\/types\/product"}],"wp:featuredmedia":[{"embeddable":true,"href":"https:\/\/limpos.com.ar\/en\/wp-json\/wp\/v2\/media\/6015"}],"wp:attachment":[{"href":"https:\/\/limpos.com.ar\/en\/wp-json\/wp\/v2\/media?parent=14927"}],"wp:term":[{"taxonomy":"product_brand","embeddable":true,"href":"https:\/\/limpos.com.ar\/en\/wp-json\/wp\/v2\/product_brand?post=14927"},{"taxonomy":"product_cat","embeddable":true,"href":"https:\/\/limpos.com.ar\/en\/wp-json\/wp\/v2\/product_cat?post=14927"},{"taxonomy":"product_tag","embeddable":true,"href":"https:\/\/limpos.com.ar\/en\/wp-json\/wp\/v2\/product_tag?post=14927"}],"curies":[{"name":"wp","href":"https:\/\/api.w.org\/{rel}","templated":true}]}}