{"id":14904,"date":"2025-07-28T16:43:58","date_gmt":"2025-07-28T16:43:58","guid":{"rendered":"https:\/\/limpos.com.ar\/tienda\/producto\/desodorante-axe-en-aerosol-por-150-ml-todas-las-fragancias\/"},"modified":"2025-10-13T16:40:16","modified_gmt":"2025-10-13T16:40:16","slug":"desodorante-axe-en-aerosol-por-150-ml-todas-las-fragancias","status":"publish","type":"product","link":"https:\/\/limpos.com.ar\/en\/product\/desodorante-axe-en-aerosol-por-150-ml-todas-las-fragancias\/","title":{"rendered":"DESODORANTE AXE | EN AEROSOL POR 150 ML &#8211; CHERRY SPRITZ"},"content":{"rendered":"<p>El Desodorante Aerosol AXE Cherry Spritz 150 ml llega para revolucionar tu rutina diaria de cuidado personal con una fragancia moderna, fresca y duradera. Este desodorante combina notas irresistibles de cereza, coco, pralin\u00e9 y musgo blanco salado, creando una experiencia olfativa \u00fanica que te acompa\u00f1ar\u00e1 todo el d\u00eda. Adem\u00e1s, su envase es fabricado con materiales reciclables y energ\u00eda 100% renovable, reafirmando el compromiso de AXE con el cuidado del medio ambiente. El dise\u00f1o del actuador premium garantiza una aplicaci\u00f3n uniforme y pr\u00e1ctica, mientras que su tama\u00f1o compacto lo hace ideal para llevar a cualquier lugar. Prob\u00e1 esta experiencia \u00fanica y sum\u00e1 frescura y estilo a tu rutina diaria. \u00a1No vas a querer dejar de usarlo!<\/p>","protected":false},"excerpt":{"rendered":"<p>EN AEROSOL POR 150 ML &#8211; TODAS LAS FRAGANCIAS<\/p>","protected":false},"featured_media":16943,"template":"","meta":[],"product_brand":[],"product_cat":[4231,4230,4215],"product_tag":[4232],"class_list":{"0":"post-14904","1":"product","2":"type-product","3":"status-publish","4":"has-post-thumbnail","6":"product_cat-aerosol","7":"product_cat-desodorantes-cuidado-personal","8":"product_cat-perfumeria","9":"product_tag-axe","11":"first","12":"instock","13":"purchasable","14":"product-type-simple"},"_links":{"self":[{"href":"https:\/\/limpos.com.ar\/en\/wp-json\/wp\/v2\/product\/14904","targetHints":{"allow":["GET"]}}],"collection":[{"href":"https:\/\/limpos.com.ar\/en\/wp-json\/wp\/v2\/product"}],"about":[{"href":"https:\/\/limpos.com.ar\/en\/wp-json\/wp\/v2\/types\/product"}],"wp:featuredmedia":[{"embeddable":true,"href":"https:\/\/limpos.com.ar\/en\/wp-json\/wp\/v2\/media\/16943"}],"wp:attachment":[{"href":"https:\/\/limpos.com.ar\/en\/wp-json\/wp\/v2\/media?parent=14904"}],"wp:term":[{"taxonomy":"product_brand","embeddable":true,"href":"https:\/\/limpos.com.ar\/en\/wp-json\/wp\/v2\/product_brand?post=14904"},{"taxonomy":"product_cat","embeddable":true,"href":"https:\/\/limpos.com.ar\/en\/wp-json\/wp\/v2\/product_cat?post=14904"},{"taxonomy":"product_tag","embeddable":true,"href":"https:\/\/limpos.com.ar\/en\/wp-json\/wp\/v2\/product_tag?post=14904"}],"curies":[{"name":"wp","href":"https:\/\/api.w.org\/{rel}","templated":true}]}}