{"id":14842,"date":"2025-07-28T16:43:10","date_gmt":"2025-07-28T16:43:10","guid":{"rendered":"https:\/\/limpos.com.ar\/tienda\/producto\/rollo-de-cocina-sussex-clasico-3-rollos-por-50-panos-cada-uno\/"},"modified":"2025-10-15T14:05:03","modified_gmt":"2025-10-15T14:05:03","slug":"rollo-de-cocina-sussex-clasico-3-rollos-por-50-panos-cada-uno","status":"publish","type":"product","link":"https:\/\/limpos.com.ar\/en\/product\/rollo-de-cocina-sussex-clasico-3-rollos-por-50-panos-cada-uno\/","title":{"rendered":"ROLLO DE COCINA SUSSEX | CL\u00c1SICO 3 ROLLOS POR 50 PA\u00d1OS CADA UNO"},"content":{"rendered":"","protected":false},"excerpt":{"rendered":"<p>CL\u00c1SICO 3 ROLLOS POR 50 PA\u00d1OS CADA UNO<\/p>","protected":false},"featured_media":5859,"template":"","meta":[],"product_brand":[],"product_cat":[3966,4240],"product_tag":[4241],"class_list":{"0":"post-14842","1":"product","2":"type-product","3":"status-publish","4":"has-post-thumbnail","6":"product_cat-cocina","7":"product_cat-rollo-de-cocina","8":"product_tag-sussex","10":"first","11":"instock","12":"purchasable","13":"product-type-simple"},"_links":{"self":[{"href":"https:\/\/limpos.com.ar\/en\/wp-json\/wp\/v2\/product\/14842","targetHints":{"allow":["GET"]}}],"collection":[{"href":"https:\/\/limpos.com.ar\/en\/wp-json\/wp\/v2\/product"}],"about":[{"href":"https:\/\/limpos.com.ar\/en\/wp-json\/wp\/v2\/types\/product"}],"wp:featuredmedia":[{"embeddable":true,"href":"https:\/\/limpos.com.ar\/en\/wp-json\/wp\/v2\/media\/5859"}],"wp:attachment":[{"href":"https:\/\/limpos.com.ar\/en\/wp-json\/wp\/v2\/media?parent=14842"}],"wp:term":[{"taxonomy":"product_brand","embeddable":true,"href":"https:\/\/limpos.com.ar\/en\/wp-json\/wp\/v2\/product_brand?post=14842"},{"taxonomy":"product_cat","embeddable":true,"href":"https:\/\/limpos.com.ar\/en\/wp-json\/wp\/v2\/product_cat?post=14842"},{"taxonomy":"product_tag","embeddable":true,"href":"https:\/\/limpos.com.ar\/en\/wp-json\/wp\/v2\/product_tag?post=14842"}],"curies":[{"name":"wp","href":"https:\/\/api.w.org\/{rel}","templated":true}]}}