{"id":14838,"date":"2025-07-28T16:43:05","date_gmt":"2025-07-28T16:43:05","guid":{"rendered":"https:\/\/limpos.com.ar\/tienda\/producto\/papel-higienico-suavenol-clasico-8-rollos-por-300-mts-cono-grande\/"},"modified":"2025-10-16T15:11:59","modified_gmt":"2025-10-16T15:11:59","slug":"papel-higienico-suavenol-clasico-8-rollos-por-300-mts-cono-grande","status":"publish","type":"product","link":"https:\/\/limpos.com.ar\/en\/product\/papel-higienico-suavenol-clasico-8-rollos-por-300-mts-cono-grande\/","title":{"rendered":"PAPEL HIGI\u00c9NICO SUAVENOL | CL\u00c1SICO 8 ROLLOS POR 300 MTS CONO GRANDE"},"content":{"rendered":"","protected":false},"excerpt":{"rendered":"<p>CL\u00c1SICO 8 ROLLOS POR 300 MTS CONO GRANDE<\/p>","protected":false},"featured_media":5855,"template":"","meta":[],"product_brand":[],"product_cat":[3996,4239,3976],"product_tag":[4237],"class_list":{"0":"post-14838","1":"product","2":"type-product","3":"status-publish","4":"has-post-thumbnail","6":"product_cat-institucional","7":"product_cat-papel-higienico-industrial","8":"product_cat-varios","9":"product_tag-suavenol","11":"first","12":"instock","13":"purchasable","14":"product-type-simple"},"_links":{"self":[{"href":"https:\/\/limpos.com.ar\/en\/wp-json\/wp\/v2\/product\/14838","targetHints":{"allow":["GET"]}}],"collection":[{"href":"https:\/\/limpos.com.ar\/en\/wp-json\/wp\/v2\/product"}],"about":[{"href":"https:\/\/limpos.com.ar\/en\/wp-json\/wp\/v2\/types\/product"}],"wp:featuredmedia":[{"embeddable":true,"href":"https:\/\/limpos.com.ar\/en\/wp-json\/wp\/v2\/media\/5855"}],"wp:attachment":[{"href":"https:\/\/limpos.com.ar\/en\/wp-json\/wp\/v2\/media?parent=14838"}],"wp:term":[{"taxonomy":"product_brand","embeddable":true,"href":"https:\/\/limpos.com.ar\/en\/wp-json\/wp\/v2\/product_brand?post=14838"},{"taxonomy":"product_cat","embeddable":true,"href":"https:\/\/limpos.com.ar\/en\/wp-json\/wp\/v2\/product_cat?post=14838"},{"taxonomy":"product_tag","embeddable":true,"href":"https:\/\/limpos.com.ar\/en\/wp-json\/wp\/v2\/product_tag?post=14838"}],"curies":[{"name":"wp","href":"https:\/\/api.w.org\/{rel}","templated":true}]}}