{"id":14769,"date":"2025-07-28T16:42:27","date_gmt":"2025-07-28T16:42:27","guid":{"rendered":"https:\/\/limpos.com.ar\/tienda\/producto\/esponja-wassington-esponja-brillo-magico-por-negro-y-marron\/"},"modified":"2025-12-22T19:20:58","modified_gmt":"2025-12-22T19:20:58","slug":"esponja-wassington-esponja-brillo-magico-por-negro-y-marron","status":"publish","type":"product","link":"https:\/\/limpos.com.ar\/en\/product\/esponja-wassington-esponja-brillo-magico-por-negro-y-marron\/","title":{"rendered":"ESPONJA WASSINGTON | ESPONJA BRILLO M\u00c1GICO POR NEGRO Y MARR\u00d3N"},"content":{"rendered":"","protected":false},"excerpt":{"rendered":"<p>ESPONJA BRILLO M\u00c1GICO POR NEGRO Y MARR\u00d3N<\/p>","protected":false},"featured_media":5749,"template":"","meta":[],"product_brand":[],"product_cat":[4076,4057],"product_tag":[4081],"class_list":{"0":"post-14769","1":"product","2":"type-product","3":"status-publish","4":"has-post-thumbnail","6":"product_cat-calzado","7":"product_cat-cuidado-de-ropa","8":"product_tag-wassington","10":"first","11":"instock","12":"purchasable","13":"product-type-variable","14":"has-default-attributes"},"_links":{"self":[{"href":"https:\/\/limpos.com.ar\/en\/wp-json\/wp\/v2\/product\/14769","targetHints":{"allow":["GET"]}}],"collection":[{"href":"https:\/\/limpos.com.ar\/en\/wp-json\/wp\/v2\/product"}],"about":[{"href":"https:\/\/limpos.com.ar\/en\/wp-json\/wp\/v2\/types\/product"}],"wp:featuredmedia":[{"embeddable":true,"href":"https:\/\/limpos.com.ar\/en\/wp-json\/wp\/v2\/media\/5749"}],"wp:attachment":[{"href":"https:\/\/limpos.com.ar\/en\/wp-json\/wp\/v2\/media?parent=14769"}],"wp:term":[{"taxonomy":"product_brand","embeddable":true,"href":"https:\/\/limpos.com.ar\/en\/wp-json\/wp\/v2\/product_brand?post=14769"},{"taxonomy":"product_cat","embeddable":true,"href":"https:\/\/limpos.com.ar\/en\/wp-json\/wp\/v2\/product_cat?post=14769"},{"taxonomy":"product_tag","embeddable":true,"href":"https:\/\/limpos.com.ar\/en\/wp-json\/wp\/v2\/product_tag?post=14769"}],"curies":[{"name":"wp","href":"https:\/\/api.w.org\/{rel}","templated":true}]}}