{"id":14717,"date":"2025-07-28T16:41:50","date_gmt":"2025-07-28T16:41:50","guid":{"rendered":"https:\/\/limpos.com.ar\/tienda\/producto\/desodorante-poett-limpiador-para-pisos-en-botella-por-900-ml-todas-las-fragancias\/"},"modified":"2025-10-27T18:44:06","modified_gmt":"2025-10-27T18:44:06","slug":"desodorante-poett-limpiador-para-pisos-en-botella-por-900-ml-todas-las-fragancias","status":"publish","type":"product","link":"https:\/\/limpos.com.ar\/en\/product\/desodorante-poett-limpiador-para-pisos-en-botella-por-900-ml-todas-las-fragancias\/","title":{"rendered":"DESODORANTE POETT | LIMPIADOR PARA PISOS EN BOTELLA POR 900 ML &#8211; FRESCURA DE LAVANDA"},"content":{"rendered":"<p>Una lavanda arom\u00e1tica y herbal con frescas notas verdes y frutales que es protagonista por su car\u00e1cter arom\u00e1tico intensificado con la presencia de eucaliptus, la fuerza del alcanfor, an\u00eds y la frescura de la menta, acompa\u00f1ado por notas amaderadas y almizcladas que le dan profundidad y car\u00e1cter.<\/p>","protected":false},"excerpt":{"rendered":"<p>LIMPIADOR PARA PISOS EN BOTELLA POR 900 ML &#8211; TODAS LAS FRAGANCIAS<\/p>","protected":false},"featured_media":16753,"template":"","meta":[],"product_brand":[],"product_cat":[4195,3954,3955],"product_tag":[4042],"class_list":{"0":"post-14717","1":"product","2":"type-product","3":"status-publish","4":"has-post-thumbnail","6":"product_cat-desodorante","7":"product_cat-hogar","8":"product_cat-pisos","9":"product_tag-poett","11":"first","12":"instock","13":"purchasable","14":"product-type-simple"},"_links":{"self":[{"href":"https:\/\/limpos.com.ar\/en\/wp-json\/wp\/v2\/product\/14717","targetHints":{"allow":["GET"]}}],"collection":[{"href":"https:\/\/limpos.com.ar\/en\/wp-json\/wp\/v2\/product"}],"about":[{"href":"https:\/\/limpos.com.ar\/en\/wp-json\/wp\/v2\/types\/product"}],"wp:featuredmedia":[{"embeddable":true,"href":"https:\/\/limpos.com.ar\/en\/wp-json\/wp\/v2\/media\/16753"}],"wp:attachment":[{"href":"https:\/\/limpos.com.ar\/en\/wp-json\/wp\/v2\/media?parent=14717"}],"wp:term":[{"taxonomy":"product_brand","embeddable":true,"href":"https:\/\/limpos.com.ar\/en\/wp-json\/wp\/v2\/product_brand?post=14717"},{"taxonomy":"product_cat","embeddable":true,"href":"https:\/\/limpos.com.ar\/en\/wp-json\/wp\/v2\/product_cat?post=14717"},{"taxonomy":"product_tag","embeddable":true,"href":"https:\/\/limpos.com.ar\/en\/wp-json\/wp\/v2\/product_tag?post=14717"}],"curies":[{"name":"wp","href":"https:\/\/api.w.org\/{rel}","templated":true}]}}