{"id":14709,"date":"2025-07-28T16:41:46","date_gmt":"2025-07-28T16:41:46","guid":{"rendered":"https:\/\/limpos.com.ar\/tienda\/producto\/multilimpiador-zelnova-limpiador-para-pisos-cocina-y-bano-noarel-en-bidon-por-5-litros\/"},"modified":"2025-12-10T15:06:57","modified_gmt":"2025-12-10T15:06:57","slug":"multilimpiador-zelnova-limpiador-para-pisos-cocina-y-bano-noarel-en-bidon-por-5-litros","status":"publish","type":"product","link":"https:\/\/limpos.com.ar\/en\/product\/multilimpiador-zelnova-limpiador-para-pisos-cocina-y-bano-noarel-en-bidon-por-5-litros\/","title":{"rendered":"MULTILIMPIADOR ZELNOVA | LIMPIADOR PARA PISOS, COCINA Y BA\u00d1O NOAREL EN BID\u00d3N POR 5 LITROS"},"content":{"rendered":"","protected":false},"excerpt":{"rendered":"<p>LIMPIADOR PARA PISOS, COCINA Y BA\u00d1O NOAREL EN BID\u00d3N POR 5 LITROS<\/p>","protected":false},"featured_media":16749,"template":"","meta":[],"product_brand":[],"product_cat":[4190,3957,3966],"product_tag":[3958],"class_list":{"0":"post-14709","1":"product","2":"type-product","3":"status-publish","4":"has-post-thumbnail","6":"product_cat-limpiador-cocina","7":"product_cat-bano","8":"product_cat-cocina","9":"product_tag-zelnova","11":"first","12":"instock","13":"purchasable","14":"product-type-simple"},"_links":{"self":[{"href":"https:\/\/limpos.com.ar\/en\/wp-json\/wp\/v2\/product\/14709","targetHints":{"allow":["GET"]}}],"collection":[{"href":"https:\/\/limpos.com.ar\/en\/wp-json\/wp\/v2\/product"}],"about":[{"href":"https:\/\/limpos.com.ar\/en\/wp-json\/wp\/v2\/types\/product"}],"wp:featuredmedia":[{"embeddable":true,"href":"https:\/\/limpos.com.ar\/en\/wp-json\/wp\/v2\/media\/16749"}],"wp:attachment":[{"href":"https:\/\/limpos.com.ar\/en\/wp-json\/wp\/v2\/media?parent=14709"}],"wp:term":[{"taxonomy":"product_brand","embeddable":true,"href":"https:\/\/limpos.com.ar\/en\/wp-json\/wp\/v2\/product_brand?post=14709"},{"taxonomy":"product_cat","embeddable":true,"href":"https:\/\/limpos.com.ar\/en\/wp-json\/wp\/v2\/product_cat?post=14709"},{"taxonomy":"product_tag","embeddable":true,"href":"https:\/\/limpos.com.ar\/en\/wp-json\/wp\/v2\/product_tag?post=14709"}],"curies":[{"name":"wp","href":"https:\/\/api.w.org\/{rel}","templated":true}]}}