{"id":14667,"date":"2025-07-28T15:18:12","date_gmt":"2025-07-28T15:18:12","guid":{"rendered":"https:\/\/limpos.com.ar\/tienda\/producto\/destapacanerias-plomero-liquido-en-botella-por-1-litro\/"},"modified":"2025-10-29T17:31:14","modified_gmt":"2025-10-29T17:31:14","slug":"destapacanerias-plomero-liquido-en-botella-por-1-litro","status":"publish","type":"product","link":"https:\/\/limpos.com.ar\/en\/product\/destapacanerias-plomero-liquido-en-botella-por-1-litro\/","title":{"rendered":"DESTAPACA\u00d1ER\u00cdAS PLOMERO | L\u00cdQUIDO EN BOTELLA POR 1 LITRO"},"content":{"rendered":"","protected":false},"excerpt":{"rendered":"<p>L\u00cdQUIDO EN BOTELLA POR 1 LITRO<\/p>","protected":false},"featured_media":16703,"template":"","meta":[],"product_brand":[],"product_cat":[4052,3957,3976],"product_tag":[4053],"class_list":{"0":"post-14667","1":"product","2":"type-product","3":"status-publish","4":"has-post-thumbnail","6":"product_cat-destapacaneria","7":"product_cat-bano","8":"product_cat-varios","9":"product_tag-plomero","11":"first","12":"instock","13":"purchasable","14":"product-type-simple"},"_links":{"self":[{"href":"https:\/\/limpos.com.ar\/en\/wp-json\/wp\/v2\/product\/14667","targetHints":{"allow":["GET"]}}],"collection":[{"href":"https:\/\/limpos.com.ar\/en\/wp-json\/wp\/v2\/product"}],"about":[{"href":"https:\/\/limpos.com.ar\/en\/wp-json\/wp\/v2\/types\/product"}],"wp:featuredmedia":[{"embeddable":true,"href":"https:\/\/limpos.com.ar\/en\/wp-json\/wp\/v2\/media\/16703"}],"wp:attachment":[{"href":"https:\/\/limpos.com.ar\/en\/wp-json\/wp\/v2\/media?parent=14667"}],"wp:term":[{"taxonomy":"product_brand","embeddable":true,"href":"https:\/\/limpos.com.ar\/en\/wp-json\/wp\/v2\/product_brand?post=14667"},{"taxonomy":"product_cat","embeddable":true,"href":"https:\/\/limpos.com.ar\/en\/wp-json\/wp\/v2\/product_cat?post=14667"},{"taxonomy":"product_tag","embeddable":true,"href":"https:\/\/limpos.com.ar\/en\/wp-json\/wp\/v2\/product_tag?post=14667"}],"curies":[{"name":"wp","href":"https:\/\/api.w.org\/{rel}","templated":true}]}}