{"id":14663,"date":"2025-07-28T15:18:12","date_gmt":"2025-07-28T15:18:12","guid":{"rendered":"https:\/\/limpos.com.ar\/tienda\/producto\/limpiador-ayudin-de-banos-antihongos-doypack-por-500-ml\/"},"modified":"2025-10-14T15:54:00","modified_gmt":"2025-10-14T15:54:00","slug":"limpiador-ayudin-de-banos-antihongos-doypack-por-500-ml","status":"publish","type":"product","link":"https:\/\/limpos.com.ar\/en\/product\/limpiador-ayudin-de-banos-antihongos-doypack-por-500-ml\/","title":{"rendered":"LIMPIADOR AYUD\u00cdN | DE BA\u00d1OS ANTIHONGOS DOYPACK POR 450 ML"},"content":{"rendered":"","protected":false},"excerpt":{"rendered":"<p>DE BA\u00d1OS ANTIHONGOS DOYPACK POR 500 ML<\/p>","protected":false},"featured_media":16709,"template":"","meta":[],"product_brand":[],"product_cat":[4174,3957],"product_tag":[4018],"class_list":{"0":"post-14663","1":"product","2":"type-product","3":"status-publish","4":"has-post-thumbnail","6":"product_cat-limpiador-bano","7":"product_cat-bano","8":"product_tag-ayudin","10":"first","11":"instock","12":"purchasable","13":"product-type-simple"},"_links":{"self":[{"href":"https:\/\/limpos.com.ar\/en\/wp-json\/wp\/v2\/product\/14663","targetHints":{"allow":["GET"]}}],"collection":[{"href":"https:\/\/limpos.com.ar\/en\/wp-json\/wp\/v2\/product"}],"about":[{"href":"https:\/\/limpos.com.ar\/en\/wp-json\/wp\/v2\/types\/product"}],"wp:featuredmedia":[{"embeddable":true,"href":"https:\/\/limpos.com.ar\/en\/wp-json\/wp\/v2\/media\/16709"}],"wp:attachment":[{"href":"https:\/\/limpos.com.ar\/en\/wp-json\/wp\/v2\/media?parent=14663"}],"wp:term":[{"taxonomy":"product_brand","embeddable":true,"href":"https:\/\/limpos.com.ar\/en\/wp-json\/wp\/v2\/product_brand?post=14663"},{"taxonomy":"product_cat","embeddable":true,"href":"https:\/\/limpos.com.ar\/en\/wp-json\/wp\/v2\/product_cat?post=14663"},{"taxonomy":"product_tag","embeddable":true,"href":"https:\/\/limpos.com.ar\/en\/wp-json\/wp\/v2\/product_tag?post=14663"}],"curies":[{"name":"wp","href":"https:\/\/api.w.org\/{rel}","templated":true}]}}