{"id":14593,"date":"2025-07-28T15:13:01","date_gmt":"2025-07-28T15:13:01","guid":{"rendered":"https:\/\/limpos.com.ar\/tienda\/producto\/cloro-clorotec-cloro-tecnico-granulado-de-disolucion-lenta-por-5-kilos\/"},"modified":"2025-10-16T14:28:48","modified_gmt":"2025-10-16T14:28:48","slug":"cloro-clorotec-cloro-tecnico-granulado-de-disolucion-lenta-por-5-kilos","status":"publish","type":"product","link":"https:\/\/limpos.com.ar\/en\/product\/cloro-clorotec-cloro-tecnico-granulado-de-disolucion-lenta-por-5-kilos\/","title":{"rendered":"CLORO CLOROTEC | CLORO T\u00c9CNICO GRANULADO DE DISOLUCI\u00d3N LENTA POR 5 KILOS"},"content":{"rendered":"","protected":false},"excerpt":{"rendered":"<p>CLORO T\u00c9CNICO GRANULADO DE DISOLUCI\u00d3N LENTA POR 5 KILOS<\/p>","protected":false},"featured_media":16942,"template":"","meta":[],"product_brand":[],"product_cat":[4150,3950,3951],"product_tag":[3953],"class_list":{"0":"post-14593","1":"product","2":"type-product","3":"status-publish","4":"has-post-thumbnail","6":"product_cat-cloro-pileta","7":"product_cat-exterior","8":"product_cat-pileta","9":"product_tag-clorotec","11":"first","12":"instock","13":"purchasable","14":"product-type-simple"},"_links":{"self":[{"href":"https:\/\/limpos.com.ar\/en\/wp-json\/wp\/v2\/product\/14593","targetHints":{"allow":["GET"]}}],"collection":[{"href":"https:\/\/limpos.com.ar\/en\/wp-json\/wp\/v2\/product"}],"about":[{"href":"https:\/\/limpos.com.ar\/en\/wp-json\/wp\/v2\/types\/product"}],"wp:featuredmedia":[{"embeddable":true,"href":"https:\/\/limpos.com.ar\/en\/wp-json\/wp\/v2\/media\/16942"}],"wp:attachment":[{"href":"https:\/\/limpos.com.ar\/en\/wp-json\/wp\/v2\/media?parent=14593"}],"wp:term":[{"taxonomy":"product_brand","embeddable":true,"href":"https:\/\/limpos.com.ar\/en\/wp-json\/wp\/v2\/product_brand?post=14593"},{"taxonomy":"product_cat","embeddable":true,"href":"https:\/\/limpos.com.ar\/en\/wp-json\/wp\/v2\/product_cat?post=14593"},{"taxonomy":"product_tag","embeddable":true,"href":"https:\/\/limpos.com.ar\/en\/wp-json\/wp\/v2\/product_tag?post=14593"}],"curies":[{"name":"wp","href":"https:\/\/api.w.org\/{rel}","templated":true}]}}