{"id":14384,"date":"2025-07-28T14:54:45","date_gmt":"2025-07-28T14:54:45","guid":{"rendered":"https:\/\/limpos.com.ar\/tienda\/producto\/perfume-saphirus-aromatizante-para-ropa-gatillo-por-250-ml-todas-las-fragancias\/"},"modified":"2025-10-21T21:06:16","modified_gmt":"2025-10-21T21:06:16","slug":"perfume-saphirus-aromatizante-para-ropa-gatillo-por-250-ml-todas-las-fragancias","status":"publish","type":"product","link":"https:\/\/limpos.com.ar\/en\/product\/perfume-saphirus-aromatizante-para-ropa-gatillo-por-250-ml-todas-las-fragancias\/","title":{"rendered":"PERFUME SAPHIRUS | AROMATIZANTE PARA ROPA GATILLO POR 250 ML INVICTO LEGEND"},"content":{"rendered":"<p>Inspirado en la frescura sensual combinando un acorde marino vivaz, c\u00e1scara de pomelo y laurel con una mezcla amaderada de guayaco y \u00e1mbar c\u00e1lido<\/p>","protected":false},"excerpt":{"rendered":"<p>AROMATIZANTE PARA ROPA GATILLO POR 250 ML TODAS LAS FRAGANCIAS<\/p>","protected":false},"featured_media":15512,"template":"","meta":[],"product_brand":[],"product_cat":[4057,4105],"product_tag":[4038],"class_list":{"0":"post-14384","1":"product","2":"type-product","3":"status-publish","4":"has-post-thumbnail","6":"product_cat-cuidado-de-ropa","7":"product_cat-perfume","8":"product_tag-saphirus","10":"first","11":"instock","12":"purchasable","13":"product-type-simple"},"_links":{"self":[{"href":"https:\/\/limpos.com.ar\/en\/wp-json\/wp\/v2\/product\/14384","targetHints":{"allow":["GET"]}}],"collection":[{"href":"https:\/\/limpos.com.ar\/en\/wp-json\/wp\/v2\/product"}],"about":[{"href":"https:\/\/limpos.com.ar\/en\/wp-json\/wp\/v2\/types\/product"}],"wp:featuredmedia":[{"embeddable":true,"href":"https:\/\/limpos.com.ar\/en\/wp-json\/wp\/v2\/media\/15512"}],"wp:attachment":[{"href":"https:\/\/limpos.com.ar\/en\/wp-json\/wp\/v2\/media?parent=14384"}],"wp:term":[{"taxonomy":"product_brand","embeddable":true,"href":"https:\/\/limpos.com.ar\/en\/wp-json\/wp\/v2\/product_brand?post=14384"},{"taxonomy":"product_cat","embeddable":true,"href":"https:\/\/limpos.com.ar\/en\/wp-json\/wp\/v2\/product_cat?post=14384"},{"taxonomy":"product_tag","embeddable":true,"href":"https:\/\/limpos.com.ar\/en\/wp-json\/wp\/v2\/product_tag?post=14384"}],"curies":[{"name":"wp","href":"https:\/\/api.w.org\/{rel}","templated":true}]}}