{"id":14355,"date":"2025-07-28T14:52:41","date_gmt":"2025-07-28T14:52:41","guid":{"rendered":"https:\/\/limpos.com.ar\/tienda\/producto\/jabon-granby-liquido-baja-espuma-en-bidon-por-5-litros\/"},"modified":"2025-10-27T21:23:41","modified_gmt":"2025-10-27T21:23:41","slug":"jabon-granby-liquido-baja-espuma-en-bidon-por-5-litros","status":"publish","type":"product","link":"https:\/\/limpos.com.ar\/en\/product\/jabon-granby-liquido-baja-espuma-en-bidon-por-5-litros\/","title":{"rendered":"JAB\u00d3N GRANBY | L\u00cdQUIDO BAJA ESPUMA EN BID\u00d3N POR 5 LITROS"},"content":{"rendered":"","protected":false},"excerpt":{"rendered":"<p>L\u00cdQUIDO BAJA ESPUMA EN BID\u00d3N POR 5 LITROS<\/p>","protected":false},"featured_media":16950,"template":"","meta":[],"product_brand":[],"product_cat":[4057,4083,4090],"product_tag":[3962],"class_list":{"0":"post-14355","1":"product","2":"type-product","3":"status-publish","4":"has-post-thumbnail","6":"product_cat-cuidado-de-ropa","7":"product_cat-jabon","8":"product_cat-liquido-jabon","9":"product_tag-iberia","11":"first","12":"instock","13":"purchasable","14":"product-type-simple"},"_links":{"self":[{"href":"https:\/\/limpos.com.ar\/en\/wp-json\/wp\/v2\/product\/14355","targetHints":{"allow":["GET"]}}],"collection":[{"href":"https:\/\/limpos.com.ar\/en\/wp-json\/wp\/v2\/product"}],"about":[{"href":"https:\/\/limpos.com.ar\/en\/wp-json\/wp\/v2\/types\/product"}],"wp:featuredmedia":[{"embeddable":true,"href":"https:\/\/limpos.com.ar\/en\/wp-json\/wp\/v2\/media\/16950"}],"wp:attachment":[{"href":"https:\/\/limpos.com.ar\/en\/wp-json\/wp\/v2\/media?parent=14355"}],"wp:term":[{"taxonomy":"product_brand","embeddable":true,"href":"https:\/\/limpos.com.ar\/en\/wp-json\/wp\/v2\/product_brand?post=14355"},{"taxonomy":"product_cat","embeddable":true,"href":"https:\/\/limpos.com.ar\/en\/wp-json\/wp\/v2\/product_cat?post=14355"},{"taxonomy":"product_tag","embeddable":true,"href":"https:\/\/limpos.com.ar\/en\/wp-json\/wp\/v2\/product_tag?post=14355"}],"curies":[{"name":"wp","href":"https:\/\/api.w.org\/{rel}","templated":true}]}}