{"id":14351,"date":"2025-07-28T14:52:41","date_gmt":"2025-07-28T14:52:41","guid":{"rendered":"https:\/\/limpos.com.ar\/tienda\/producto\/jabon-seiq-prelavado-liquido-ecomax-en-sobre\/"},"modified":"2025-10-20T19:57:51","modified_gmt":"2025-10-20T19:57:51","slug":"jabon-seiq-prelavado-liquido-ecomax-en-sobre","status":"publish","type":"product","link":"https:\/\/limpos.com.ar\/en\/product\/jabon-seiq-prelavado-liquido-ecomax-en-sobre\/","title":{"rendered":"JAB\u00d3N SEIQ | PRELAVADO L\u00cdQUIDO ECOMAX EN SOBRE"},"content":{"rendered":"","protected":false},"excerpt":{"rendered":"<p>PRELAVADO L\u00cdQUIDO ECOMAX EN SOBRE<\/p>","protected":false},"featured_media":0,"template":"","meta":[],"product_brand":[],"product_cat":[4057,4083,4090],"product_tag":[4085],"class_list":{"0":"post-14351","1":"product","2":"type-product","3":"status-publish","5":"product_cat-cuidado-de-ropa","6":"product_cat-jabon","7":"product_cat-liquido-jabon","8":"product_tag-tide","10":"first","11":"instock","12":"purchasable","13":"product-type-simple"},"_links":{"self":[{"href":"https:\/\/limpos.com.ar\/en\/wp-json\/wp\/v2\/product\/14351","targetHints":{"allow":["GET"]}}],"collection":[{"href":"https:\/\/limpos.com.ar\/en\/wp-json\/wp\/v2\/product"}],"about":[{"href":"https:\/\/limpos.com.ar\/en\/wp-json\/wp\/v2\/types\/product"}],"wp:attachment":[{"href":"https:\/\/limpos.com.ar\/en\/wp-json\/wp\/v2\/media?parent=14351"}],"wp:term":[{"taxonomy":"product_brand","embeddable":true,"href":"https:\/\/limpos.com.ar\/en\/wp-json\/wp\/v2\/product_brand?post=14351"},{"taxonomy":"product_cat","embeddable":true,"href":"https:\/\/limpos.com.ar\/en\/wp-json\/wp\/v2\/product_cat?post=14351"},{"taxonomy":"product_tag","embeddable":true,"href":"https:\/\/limpos.com.ar\/en\/wp-json\/wp\/v2\/product_tag?post=14351"}],"curies":[{"name":"wp","href":"https:\/\/api.w.org\/{rel}","templated":true}]}}