{"id":14342,"date":"2025-07-28T14:50:34","date_gmt":"2025-07-28T14:50:34","guid":{"rendered":"https:\/\/limpos.com.ar\/tienda\/producto\/jabon-ala-matic-liquido-en-doypack-por-3-litros\/"},"modified":"2025-10-09T03:13:31","modified_gmt":"2025-10-09T03:13:31","slug":"jabon-ala-matic-liquido-en-doypack-por-3-litros","status":"publish","type":"product","link":"https:\/\/limpos.com.ar\/en\/product\/jabon-ala-matic-liquido-en-doypack-por-3-litros\/","title":{"rendered":"JAB\u00d3N ALA MATIC | L\u00cdQUIDO EN DOYPACK POR 3 LITROS"},"content":{"rendered":"","protected":false},"excerpt":{"rendered":"<p>L\u00cdQUIDO EN DOYPACK POR 3 LITROS<\/p>","protected":false},"featured_media":16437,"template":"","meta":[],"product_brand":[],"product_cat":[4057,4083,4090],"product_tag":[4088],"class_list":{"0":"post-14342","1":"product","2":"type-product","3":"status-publish","4":"has-post-thumbnail","6":"product_cat-cuidado-de-ropa","7":"product_cat-jabon","8":"product_cat-liquido-jabon","9":"product_tag-ala","11":"first","12":"instock","13":"purchasable","14":"product-type-simple"},"_links":{"self":[{"href":"https:\/\/limpos.com.ar\/en\/wp-json\/wp\/v2\/product\/14342","targetHints":{"allow":["GET"]}}],"collection":[{"href":"https:\/\/limpos.com.ar\/en\/wp-json\/wp\/v2\/product"}],"about":[{"href":"https:\/\/limpos.com.ar\/en\/wp-json\/wp\/v2\/types\/product"}],"wp:featuredmedia":[{"embeddable":true,"href":"https:\/\/limpos.com.ar\/en\/wp-json\/wp\/v2\/media\/16437"}],"wp:attachment":[{"href":"https:\/\/limpos.com.ar\/en\/wp-json\/wp\/v2\/media?parent=14342"}],"wp:term":[{"taxonomy":"product_brand","embeddable":true,"href":"https:\/\/limpos.com.ar\/en\/wp-json\/wp\/v2\/product_brand?post=14342"},{"taxonomy":"product_cat","embeddable":true,"href":"https:\/\/limpos.com.ar\/en\/wp-json\/wp\/v2\/product_cat?post=14342"},{"taxonomy":"product_tag","embeddable":true,"href":"https:\/\/limpos.com.ar\/en\/wp-json\/wp\/v2\/product_tag?post=14342"}],"curies":[{"name":"wp","href":"https:\/\/api.w.org\/{rel}","templated":true}]}}