{"id":14332,"date":"2025-07-28T14:50:34","date_gmt":"2025-07-28T14:50:34","guid":{"rendered":"https:\/\/limpos.com.ar\/tienda\/producto\/jabon-drive-liquido-doy-pack-por-3-litros\/"},"modified":"2025-10-17T16:47:36","modified_gmt":"2025-10-17T16:47:36","slug":"jabon-drive-liquido-doy-pack-por-3-litros","status":"publish","type":"product","link":"https:\/\/limpos.com.ar\/en\/product\/jabon-drive-liquido-doy-pack-por-3-litros\/","title":{"rendered":"JAB\u00d3N DRIVE | L\u00cdQUIDO DOY PACK POR 3 LITROS"},"content":{"rendered":"<p>Jab\u00f3n Liquido para la Ropa Drive Matic Doypack x 3 Litros fragancia Rosas y Lilas<\/p>","protected":false},"excerpt":{"rendered":"<p>L\u00cdQUIDO DOY PACK POR 3 LITROS<\/p>","protected":false},"featured_media":16917,"template":"","meta":[],"product_brand":[],"product_cat":[4084,4057,4083],"product_tag":[4092],"class_list":{"0":"post-14332","1":"product","2":"type-product","3":"status-publish","4":"has-post-thumbnail","6":"product_cat-capsula","7":"product_cat-cuidado-de-ropa","8":"product_cat-jabon","9":"product_tag-drive","11":"first","12":"instock","13":"purchasable","14":"product-type-simple"},"_links":{"self":[{"href":"https:\/\/limpos.com.ar\/en\/wp-json\/wp\/v2\/product\/14332","targetHints":{"allow":["GET"]}}],"collection":[{"href":"https:\/\/limpos.com.ar\/en\/wp-json\/wp\/v2\/product"}],"about":[{"href":"https:\/\/limpos.com.ar\/en\/wp-json\/wp\/v2\/types\/product"}],"wp:featuredmedia":[{"embeddable":true,"href":"https:\/\/limpos.com.ar\/en\/wp-json\/wp\/v2\/media\/16917"}],"wp:attachment":[{"href":"https:\/\/limpos.com.ar\/en\/wp-json\/wp\/v2\/media?parent=14332"}],"wp:term":[{"taxonomy":"product_brand","embeddable":true,"href":"https:\/\/limpos.com.ar\/en\/wp-json\/wp\/v2\/product_brand?post=14332"},{"taxonomy":"product_cat","embeddable":true,"href":"https:\/\/limpos.com.ar\/en\/wp-json\/wp\/v2\/product_cat?post=14332"},{"taxonomy":"product_tag","embeddable":true,"href":"https:\/\/limpos.com.ar\/en\/wp-json\/wp\/v2\/product_tag?post=14332"}],"curies":[{"name":"wp","href":"https:\/\/api.w.org\/{rel}","templated":true}]}}