{"id":14304,"date":"2025-07-28T14:46:28","date_gmt":"2025-07-28T14:46:28","guid":{"rendered":"https:\/\/limpos.com.ar\/tienda\/producto\/jabon-zelnova-shampoo-para-manos-en-bidon-por-5-litro\/"},"modified":"2025-12-15T14:13:16","modified_gmt":"2025-12-15T14:13:16","slug":"jabon-zelnova-shampoo-para-manos-en-bidon-por-5-litro","status":"publish","type":"product","link":"https:\/\/limpos.com.ar\/en\/product\/jabon-zelnova-shampoo-para-manos-en-bidon-por-5-litro\/","title":{"rendered":"JAB\u00d3N ZELNOVA | SHAMPOO PARA MANOS EN BID\u00d3N POR 5 LITRO"},"content":{"rendered":"","protected":false},"excerpt":{"rendered":"<p>SHAMPOO PARA MANOS EN BID\u00d3N POR 5 LITRO<\/p>","protected":false},"featured_media":16374,"template":"","meta":[],"product_brand":[],"product_cat":[4334,4424,3976],"product_tag":[3958],"class_list":{"0":"post-14304","1":"product","2":"type-product","3":"status-publish","4":"has-post-thumbnail","6":"product_cat-jabon-para-manos","7":"product_cat-liquido-jabon-para-manos","8":"product_cat-varios","9":"product_tag-zelnova","11":"first","12":"instock","13":"purchasable","14":"product-type-simple"},"_links":{"self":[{"href":"https:\/\/limpos.com.ar\/en\/wp-json\/wp\/v2\/product\/14304","targetHints":{"allow":["GET"]}}],"collection":[{"href":"https:\/\/limpos.com.ar\/en\/wp-json\/wp\/v2\/product"}],"about":[{"href":"https:\/\/limpos.com.ar\/en\/wp-json\/wp\/v2\/types\/product"}],"wp:featuredmedia":[{"embeddable":true,"href":"https:\/\/limpos.com.ar\/en\/wp-json\/wp\/v2\/media\/16374"}],"wp:attachment":[{"href":"https:\/\/limpos.com.ar\/en\/wp-json\/wp\/v2\/media?parent=14304"}],"wp:term":[{"taxonomy":"product_brand","embeddable":true,"href":"https:\/\/limpos.com.ar\/en\/wp-json\/wp\/v2\/product_brand?post=14304"},{"taxonomy":"product_cat","embeddable":true,"href":"https:\/\/limpos.com.ar\/en\/wp-json\/wp\/v2\/product_cat?post=14304"},{"taxonomy":"product_tag","embeddable":true,"href":"https:\/\/limpos.com.ar\/en\/wp-json\/wp\/v2\/product_tag?post=14304"}],"curies":[{"name":"wp","href":"https:\/\/api.w.org\/{rel}","templated":true}]}}