{"id":14266,"date":"2025-07-28T14:44:02","date_gmt":"2025-07-28T14:44:02","guid":{"rendered":"https:\/\/limpos.com.ar\/tienda\/producto\/desodorante-de-ambiente-saphirus-aerosol-por-280-cc-varias-fragancias\/"},"modified":"2025-11-04T20:26:19","modified_gmt":"2025-11-04T20:26:19","slug":"desodorante-de-ambiente-saphirus-aerosol-por-280-cc-varias-fragancias","status":"publish","type":"product","link":"https:\/\/limpos.com.ar\/en\/product\/desodorante-de-ambiente-saphirus-aerosol-por-280-cc-varias-fragancias\/","title":{"rendered":"DESODORANTE DE AMBIENTE SAPHIRUS | AEROSOL POR 280 CC CLEAN COTTON"},"content":{"rendered":"<p>Creaci\u00f3n delicada y refrescante con toques frutados levemente dulces en la salida, acompa\u00f1ada de un coraz\u00f3n floral acuoso sobre un fondo c\u00e1lido amaderado.<\/p>","protected":false},"excerpt":{"rendered":"<p>AEROSOL POR 280 CC VARIAS FRAGANCIAS<\/p>","protected":false},"featured_media":15863,"template":"","meta":[],"product_brand":[],"product_cat":[4039,3954,3976],"product_tag":[4038],"class_list":{"0":"post-14266","1":"product","2":"type-product","3":"status-publish","4":"has-post-thumbnail","6":"product_cat-desodorantes","7":"product_cat-hogar","8":"product_cat-varios","9":"product_tag-saphirus","11":"first","12":"instock","13":"purchasable","14":"product-type-simple"},"_links":{"self":[{"href":"https:\/\/limpos.com.ar\/en\/wp-json\/wp\/v2\/product\/14266","targetHints":{"allow":["GET"]}}],"collection":[{"href":"https:\/\/limpos.com.ar\/en\/wp-json\/wp\/v2\/product"}],"about":[{"href":"https:\/\/limpos.com.ar\/en\/wp-json\/wp\/v2\/types\/product"}],"wp:featuredmedia":[{"embeddable":true,"href":"https:\/\/limpos.com.ar\/en\/wp-json\/wp\/v2\/media\/15863"}],"wp:attachment":[{"href":"https:\/\/limpos.com.ar\/en\/wp-json\/wp\/v2\/media?parent=14266"}],"wp:term":[{"taxonomy":"product_brand","embeddable":true,"href":"https:\/\/limpos.com.ar\/en\/wp-json\/wp\/v2\/product_brand?post=14266"},{"taxonomy":"product_cat","embeddable":true,"href":"https:\/\/limpos.com.ar\/en\/wp-json\/wp\/v2\/product_cat?post=14266"},{"taxonomy":"product_tag","embeddable":true,"href":"https:\/\/limpos.com.ar\/en\/wp-json\/wp\/v2\/product_tag?post=14266"}],"curies":[{"name":"wp","href":"https:\/\/api.w.org\/{rel}","templated":true}]}}