{"id":14264,"date":"2025-07-28T14:44:02","date_gmt":"2025-07-28T14:44:02","guid":{"rendered":"https:\/\/limpos.com.ar\/tienda\/producto\/desodorante-de-ambiente-poett-en-aerosol-por-360-cc-varias-fragancias\/"},"modified":"2025-10-27T15:04:16","modified_gmt":"2025-10-27T15:04:16","slug":"desodorante-de-ambiente-poett-en-aerosol-por-360-cc-varias-fragancias","status":"publish","type":"product","link":"https:\/\/limpos.com.ar\/en\/product\/desodorante-de-ambiente-poett-en-aerosol-por-360-cc-varias-fragancias\/","title":{"rendered":"DESODORANTE  DE AMBIENTE POETT | EN AEROSOL POR 360 CC FRESCURA DE LAVANDA"},"content":{"rendered":"<p>Una lavanda arom\u00e1tica y herbal con frescas notas verdes y frutales que es protagonista por su car\u00e1cter arom\u00e1tico intensificado con la presencia de eucaliptus, la fuerza del alcanfor, an\u00eds y la frescura de la menta, acompa\u00f1ado por notas amaderadas y almizcladas que le dan profundidad y car\u00e1cter.<\/p>","protected":false},"excerpt":{"rendered":"<p>EN AEROSOL POR 360 CC &#8211; VARIAS FRAGANCIAS<\/p>","protected":false},"featured_media":15758,"template":"","meta":[],"product_brand":[],"product_cat":[4039,3954,3976],"product_tag":[4042],"class_list":{"0":"post-14264","1":"product","2":"type-product","3":"status-publish","4":"has-post-thumbnail","6":"product_cat-desodorantes","7":"product_cat-hogar","8":"product_cat-varios","9":"product_tag-poett","11":"first","12":"instock","13":"purchasable","14":"product-type-simple"},"_links":{"self":[{"href":"https:\/\/limpos.com.ar\/en\/wp-json\/wp\/v2\/product\/14264","targetHints":{"allow":["GET"]}}],"collection":[{"href":"https:\/\/limpos.com.ar\/en\/wp-json\/wp\/v2\/product"}],"about":[{"href":"https:\/\/limpos.com.ar\/en\/wp-json\/wp\/v2\/types\/product"}],"wp:featuredmedia":[{"embeddable":true,"href":"https:\/\/limpos.com.ar\/en\/wp-json\/wp\/v2\/media\/15758"}],"wp:attachment":[{"href":"https:\/\/limpos.com.ar\/en\/wp-json\/wp\/v2\/media?parent=14264"}],"wp:term":[{"taxonomy":"product_brand","embeddable":true,"href":"https:\/\/limpos.com.ar\/en\/wp-json\/wp\/v2\/product_brand?post=14264"},{"taxonomy":"product_cat","embeddable":true,"href":"https:\/\/limpos.com.ar\/en\/wp-json\/wp\/v2\/product_cat?post=14264"},{"taxonomy":"product_tag","embeddable":true,"href":"https:\/\/limpos.com.ar\/en\/wp-json\/wp\/v2\/product_tag?post=14264"}],"curies":[{"name":"wp","href":"https:\/\/api.w.org\/{rel}","templated":true}]}}