{"id":14256,"date":"2025-07-28T14:44:02","date_gmt":"2025-07-28T14:44:02","guid":{"rendered":"https:\/\/limpos.com.ar\/tienda\/producto\/difusores-saphirus-con-varillas-por-125-ml-varias-fragancias\/"},"modified":"2025-11-04T17:23:17","modified_gmt":"2025-11-04T17:23:17","slug":"difusores-saphirus-con-varillas-por-125-ml-varias-fragancias","status":"publish","type":"product","link":"https:\/\/limpos.com.ar\/en\/product\/difusores-saphirus-con-varillas-por-125-ml-varias-fragancias\/","title":{"rendered":"DIFUSORES SAPHIRUS | CON VARILLAS POR 125 ML SAND\u00cdA PEPINO"},"content":{"rendered":"<p>Mix frutal con salida de notas frescas de sand\u00eda y pepino. Coraz\u00f3n con car\u00e1cter de sutiles frutos rojos y lirios del valle, cerrando con una calidez de vainilla y almizcle.<\/p>","protected":false},"excerpt":{"rendered":"<p>CON VARILLAS POR 125 ML VARIAS FRAGANCIAS<\/p>","protected":false},"featured_media":16170,"template":"","meta":[],"product_brand":[],"product_cat":[4037,3954,3976],"product_tag":[4038],"class_list":{"0":"post-14256","1":"product","2":"type-product","3":"status-publish","4":"has-post-thumbnail","6":"product_cat-difusores","7":"product_cat-hogar","8":"product_cat-varios","9":"product_tag-saphirus","11":"first","12":"instock","13":"purchasable","14":"product-type-simple"},"_links":{"self":[{"href":"https:\/\/limpos.com.ar\/en\/wp-json\/wp\/v2\/product\/14256","targetHints":{"allow":["GET"]}}],"collection":[{"href":"https:\/\/limpos.com.ar\/en\/wp-json\/wp\/v2\/product"}],"about":[{"href":"https:\/\/limpos.com.ar\/en\/wp-json\/wp\/v2\/types\/product"}],"wp:featuredmedia":[{"embeddable":true,"href":"https:\/\/limpos.com.ar\/en\/wp-json\/wp\/v2\/media\/16170"}],"wp:attachment":[{"href":"https:\/\/limpos.com.ar\/en\/wp-json\/wp\/v2\/media?parent=14256"}],"wp:term":[{"taxonomy":"product_brand","embeddable":true,"href":"https:\/\/limpos.com.ar\/en\/wp-json\/wp\/v2\/product_brand?post=14256"},{"taxonomy":"product_cat","embeddable":true,"href":"https:\/\/limpos.com.ar\/en\/wp-json\/wp\/v2\/product_cat?post=14256"},{"taxonomy":"product_tag","embeddable":true,"href":"https:\/\/limpos.com.ar\/en\/wp-json\/wp\/v2\/product_tag?post=14256"}],"curies":[{"name":"wp","href":"https:\/\/api.w.org\/{rel}","templated":true}]}}